{"id":1608,"date":"2021-01-05T00:46:15","date_gmt":"2021-01-05T00:46:15","guid":{"rendered":"http:\/\/ampcpp.com\/?page_id=1608"},"modified":"2022-06-16T14:04:04","modified_gmt":"2022-06-16T14:04:04","slug":"the-publications","status":"publish","type":"page","link":"https:\/\/ampcpp.ma\/en\/the-publications\/","title":{"rendered":"The publications"},"content":{"rendered":"<p>[vc_row][vc_column]<section class=\"media-grid-wrapper\"><div class=\"panel\"><h1>The publications<\/h1><div class=\"filter\"><label for=\"filter\">Ann\u00e9e :<\/label><select id=\"filter\" name=\"year\"><option selected disabled >Tous<\/option><option value=\"\"><\/option><option value=\"2019\">2019<\/option><\/select><\/div><hr><section class=\"media-grid\"><div data-year=\"\" class=\"media-grid-item\" style=\"background-image: linear-gradient(165deg,rgba(0,0,0,0) 0%,#000000 100%),url(https:\/\/ampcpp.ma\/wp-content\/uploads\/2021\/01\/cover-1.jpg);\"><a class=\"download\" href=\"\">Download<svg xmlns=\"http:\/\/www.w3.org\/2000\/svg\" viewBox=\"0 0 330 330\"><path d=\"M325.607,79.393c-5.857-5.857-15.355-5.858-21.213,0.001l-139.39,139.393L25.607,79.393\tc-5.857-5.857-15.355-5.858-21.213,0.001c-5.858,5.858-5.858,15.355,0,21.213l150.004,150c2.813,2.813,6.628,4.393,10.606,4.393\ts7.794-1.581,10.606-4.394l149.996-150C331.465,94.749,331.465,85.251,325.607,79.393z\"><\/path><\/svg><\/a><\/div><div data-year=\"\" class=\"media-grid-item\" style=\"background-image: linear-gradient(165deg,rgba(0,0,0,0) 0%,#000000 100%),url(https:\/\/ampcpp.ma\/wp-content\/uploads\/2021\/01\/cover-2.jpg);\"><a class=\"download\" href=\"\">Download<svg xmlns=\"http:\/\/www.w3.org\/2000\/svg\" viewBox=\"0 0 330 330\"><path d=\"M325.607,79.393c-5.857-5.857-15.355-5.858-21.213,0.001l-139.39,139.393L25.607,79.393\tc-5.857-5.857-15.355-5.858-21.213,0.001c-5.858,5.858-5.858,15.355,0,21.213l150.004,150c2.813,2.813,6.628,4.393,10.606,4.393\ts7.794-1.581,10.606-4.394l149.996-150C331.465,94.749,331.465,85.251,325.607,79.393z\"><\/path><\/svg><\/a><\/div><div data-year=\"\" class=\"media-grid-item\" style=\"background-image: linear-gradient(165deg,rgba(0,0,0,0) 0%,#000000 100%),url(https:\/\/ampcpp.ma\/wp-content\/uploads\/2021\/01\/cover-3.jpg);\"><a class=\"download\" href=\"\">Download<svg xmlns=\"http:\/\/www.w3.org\/2000\/svg\" viewBox=\"0 0 330 330\"><path d=\"M325.607,79.393c-5.857-5.857-15.355-5.858-21.213,0.001l-139.39,139.393L25.607,79.393\tc-5.857-5.857-15.355-5.858-21.213,0.001c-5.858,5.858-5.858,15.355,0,21.213l150.004,150c2.813,2.813,6.628,4.393,10.606,4.393\ts7.794-1.581,10.606-4.394l149.996-150C331.465,94.749,331.465,85.251,325.607,79.393z\"><\/path><\/svg><\/a><\/div><\/section><section class=\"media-grid\"><div data-year=\"\" class=\"media-grid-item\" style=\"background-image: linear-gradient(165deg,#16a54a 0%,#16a54a 100%)\"><h2>Circulaire rationalisation des budgets juillet 2020 VF<\/h2><a class=\"download\" href=\"https:\/\/ampcpp.ma\/wp-content\/uploads\/2021\/01\/Circulaire-rationalisation-des-budgets-juillet-2020-VF.pdf\">Download<svg xmlns=\"http:\/\/www.w3.org\/2000\/svg\" viewBox=\"0 0 330 330\"><path d=\"M325.607,79.393c-5.857-5.857-15.355-5.858-21.213,0.001l-139.39,139.393L25.607,79.393\tc-5.857-5.857-15.355-5.858-21.213,0.001c-5.858,5.858-5.858,15.355,0,21.213l150.004,150c2.813,2.813,6.628,4.393,10.606,4.393\ts7.794-1.581,10.606-4.394l149.996-150C331.465,94.749,331.465,85.251,325.607,79.393z\"><\/path><\/svg><\/a><\/div><div data-year=\"\" class=\"media-grid-item\" style=\"background-image: linear-gradient(165deg,#16a54a 0%,#16a54a 100%)\"><h2>Codes budg\u00e9taires versements associations \u00e9lus<\/h2><a class=\"download\" href=\"https:\/\/ampcpp.ma\/wp-content\/uploads\/2021\/01\/Codes-budge\u0301taires-versements-associations-e\u0301lus-1.xlsx\">Download<svg xmlns=\"http:\/\/www.w3.org\/2000\/svg\" viewBox=\"0 0 330 330\"><path d=\"M325.607,79.393c-5.857-5.857-15.355-5.858-21.213,0.001l-139.39,139.393L25.607,79.393\tc-5.857-5.857-15.355-5.858-21.213,0.001c-5.858,5.858-5.858,15.355,0,21.213l150.004,150c2.813,2.813,6.628,4.393,10.606,4.393\ts7.794-1.581,10.606-4.394l149.996-150C331.465,94.749,331.465,85.251,325.607,79.393z\"><\/path><\/svg><\/a><\/div><div data-year=\"\" class=\"media-grid-item\" style=\"background-image: linear-gradient(165deg,#16a54a 0%,#16a54a 100%)\"><h2>Circulaire relative \u00e0 la mise en oeuvre et suivi des chantiers de d\u00e9mat\u00e9rialisation des proc\u00e9dures<\/h2><a class=\"download\" href=\"\">Download<svg xmlns=\"http:\/\/www.w3.org\/2000\/svg\" viewBox=\"0 0 330 330\"><path d=\"M325.607,79.393c-5.857-5.857-15.355-5.858-21.213,0.001l-139.39,139.393L25.607,79.393\tc-5.857-5.857-15.355-5.858-21.213,0.001c-5.858,5.858-5.858,15.355,0,21.213l150.004,150c2.813,2.813,6.628,4.393,10.606,4.393\ts7.794-1.581,10.606-4.394l149.996-150C331.465,94.749,331.465,85.251,325.607,79.393z\"><\/path><\/svg><\/a><\/div><\/section><section class=\"media-grid\"><div data-year=\"\" class=\"media-grid-item\" style=\"background-image: linear-gradient(165deg,rgba(0,0,0,0) 0%,#000000 100%),url(https:\/\/ampcpp.ma\/wp-content\/uploads\/2021\/01\/Capture22.jpg);\"><a class=\"download\" href=\"https:\/\/ampcpp.ma\/wp-content\/uploads\/2021\/01\/\u0645\u062c\u0645\u0648\u0639-\u0627\u0644\u0645\u0646\u0627\u0634\u064a\u0631-\u0648\u0627\u0644\u062f\u0648\u0631\u064a\u0627\u062a-\u0648\u0627\u0644\u0642\u0648\u0627\u0646\u064a\u0646-\u0627\u0644\u0635\u0627\u062f\u0631\u0629-\u0645\u0646\u0630-\u0628\u062f\u0621-\u062c\u0627\u064a\u0654\u062d\u0629-\u0643\u0648\u0631\u0648\u0646\u0627-_compressed_compressed-1-1.pdf\">Download<svg xmlns=\"http:\/\/www.w3.org\/2000\/svg\" viewBox=\"0 0 330 330\"><path d=\"M325.607,79.393c-5.857-5.857-15.355-5.858-21.213,0.001l-139.39,139.393L25.607,79.393\tc-5.857-5.857-15.355-5.858-21.213,0.001c-5.858,5.858-5.858,15.355,0,21.213l150.004,150c2.813,2.813,6.628,4.393,10.606,4.393\ts7.794-1.581,10.606-4.394l149.996-150C331.465,94.749,331.465,85.251,325.607,79.393z\"><\/path><\/svg><\/a><\/div><div data-year=\"\" class=\"media-grid-item\" style=\"background-image: linear-gradient(165deg,rgba(0,0,0,0) 0%,#000000 100%),url(https:\/\/ampcpp.ma\/wp-content\/uploads\/2021\/05\/Rapport-National-2020-sur-la-mise-en-oeuvre-par-le-Royaume-du-Maroc-des-Objectifs-de-Developpement-Durable-Version-Arabe.jpeg);\"><a class=\"download\" href=\"https:\/\/ampcpp.ma\/wp-content\/uploads\/2021\/05\/Rapport-National-2020-sur-la-mise-en-oeuvre-par-le-Royaume-du-Maroc-des-Objectifs-de-Developpement-Durable-Version-Arabe-Copy.pdf\">Download<svg xmlns=\"http:\/\/www.w3.org\/2000\/svg\" viewBox=\"0 0 330 330\"><path d=\"M325.607,79.393c-5.857-5.857-15.355-5.858-21.213,0.001l-139.39,139.393L25.607,79.393\tc-5.857-5.857-15.355-5.858-21.213,0.001c-5.858,5.858-5.858,15.355,0,21.213l150.004,150c2.813,2.813,6.628,4.393,10.606,4.393\ts7.794-1.581,10.606-4.394l149.996-150C331.465,94.749,331.465,85.251,325.607,79.393z\"><\/path><\/svg><\/a><\/div><div data-year=\"\" class=\"media-grid-item\" style=\"background-image: linear-gradient(165deg,rgba(0,0,0,0) 0%,#000000 100%),url(https:\/\/ampcpp.ma\/wp-content\/uploads\/2021\/12\/1213.png);\"><a class=\"download\" href=\"https:\/\/ampcpp.ma\/wp-content\/uploads\/2021\/12\/pdfresizer.com-pdf-resize.pdf\">Download<svg xmlns=\"http:\/\/www.w3.org\/2000\/svg\" viewBox=\"0 0 330 330\"><path d=\"M325.607,79.393c-5.857-5.857-15.355-5.858-21.213,0.001l-139.39,139.393L25.607,79.393\tc-5.857-5.857-15.355-5.858-21.213,0.001c-5.858,5.858-5.858,15.355,0,21.213l150.004,150c2.813,2.813,6.628,4.393,10.606,4.393\ts7.794-1.581,10.606-4.394l149.996-150C331.465,94.749,331.465,85.251,325.607,79.393z\"><\/path><\/svg><\/a><\/div><\/section><section class=\"media-grid\"><div data-year=\"2019\" class=\"media-grid-item\" style=\"background-image: linear-gradient(165deg,rgba(0,0,0,0) 0%,#000000 100%),url(https:\/\/ampcpp.ma\/wp-content\/uploads\/2021\/12\/dqfea.png);\"><a class=\"download\" href=\"https:\/\/ampcpp.ma\/wp-content\/uploads\/2021\/12\/\u062d\u0640\u0635\u0640\u064a\u0644\u0629-\u0623\u0646\u0640\u0634\u0640\u0637\u0629-\u0627\u0644\u062c\u0640\u0645\u0639\u0640\u064a\u0629-\u0627\u0644\u0645\u063a\u0631\u0628\u0640\u064a\u0640\u0629-\u0644\u0640\u0631\u0624\u0633\u0640\u0627\u0621-\u0645\u062c\u0627\u0644\u0640\u0633-\u0627\u0644\u0639\u0645\u0640\u0627\u0644\u0627\u062a-\u0648\u0627\u0644\u0623\u0642\u0640\u0627\u0644\u064a\u06451-.pdf\">Download<svg xmlns=\"http:\/\/www.w3.org\/2000\/svg\" viewBox=\"0 0 330 330\"><path d=\"M325.607,79.393c-5.857-5.857-15.355-5.858-21.213,0.001l-139.39,139.393L25.607,79.393\tc-5.857-5.857-15.355-5.858-21.213,0.001c-5.858,5.858-5.858,15.355,0,21.213l150.004,150c2.813,2.813,6.628,4.393,10.606,4.393\ts7.794-1.581,10.606-4.394l149.996-150C331.465,94.749,331.465,85.251,325.607,79.393z\"><\/path><\/svg><\/a><\/div><div data-year=\"\" class=\"media-grid-item\" style=\"background-image: linear-gradient(165deg,rgba(0,0,0,0) 0%,#000000 100%),url(https:\/\/ampcpp.ma\/wp-content\/uploads\/2021\/12\/adzadz.png);\"><a class=\"download\" href=\"https:\/\/ampcpp.ma\/wp-content\/uploads\/2021\/12\/\u0627\u0644\u062a\u0642\u0631\u064a\u0631-\u0627\u0644\u0627\u062f\u0628\u064a-\u0639\u0646-\u0623\u0646\u0634\u0637\u0629-\u0627\u0644\u062c\u0645\u0639\u064a\u0629.pdf\">Download<svg xmlns=\"http:\/\/www.w3.org\/2000\/svg\" viewBox=\"0 0 330 330\"><path d=\"M325.607,79.393c-5.857-5.857-15.355-5.858-21.213,0.001l-139.39,139.393L25.607,79.393\tc-5.857-5.857-15.355-5.858-21.213,0.001c-5.858,5.858-5.858,15.355,0,21.213l150.004,150c2.813,2.813,6.628,4.393,10.606,4.393\ts7.794-1.581,10.606-4.394l149.996-150C331.465,94.749,331.465,85.251,325.607,79.393z\"><\/path><\/svg><\/a><\/div><div data-year=\"\" class=\"media-grid-item\" style=\"background-image: linear-gradient(165deg,#16a54a 0%,#16a54a 100%)\"><h2>Circulaire simplification procedures CTs 55.19<\/h2><a class=\"download\" href=\"https:\/\/ampcpp.ma\/wp-content\/uploads\/2021\/12\/circulaire-simplification-procedures-CTs-55.19.pdf\">Download<svg xmlns=\"http:\/\/www.w3.org\/2000\/svg\" viewBox=\"0 0 330 330\"><path d=\"M325.607,79.393c-5.857-5.857-15.355-5.858-21.213,0.001l-139.39,139.393L25.607,79.393\tc-5.857-5.857-15.355-5.858-21.213,0.001c-5.858,5.858-5.858,15.355,0,21.213l150.004,150c2.813,2.813,6.628,4.393,10.606,4.393\ts7.794-1.581,10.606-4.394l149.996-150C331.465,94.749,331.465,85.251,325.607,79.393z\"><\/path><\/svg><\/a><\/div><\/section><section class=\"media-grid\"><div data-year=\"\" class=\"media-grid-item\" style=\"background-image: linear-gradient(165deg,rgba(0,0,0,0) 0%,#000000 100%),url(https:\/\/ampcpp.ma\/wp-content\/uploads\/2021\/12\/1324.png);\"><a class=\"download\" href=\"https:\/\/ampcpp.ma\/wp-content\/uploads\/2021\/12\/Presentation_Seminaires-regionaux_LSP_19-avr-2021_V2.pdf\">Download<svg xmlns=\"http:\/\/www.w3.org\/2000\/svg\" viewBox=\"0 0 330 330\"><path d=\"M325.607,79.393c-5.857-5.857-15.355-5.858-21.213,0.001l-139.39,139.393L25.607,79.393\tc-5.857-5.857-15.355-5.858-21.213,0.001c-5.858,5.858-5.858,15.355,0,21.213l150.004,150c2.813,2.813,6.628,4.393,10.606,4.393\ts7.794-1.581,10.606-4.394l149.996-150C331.465,94.749,331.465,85.251,325.607,79.393z\"><\/path><\/svg><\/a><\/div><div data-year=\"\" class=\"media-grid-item\" style=\"background-image: linear-gradient(165deg,#16a54a 0%,#16a54a 100%)\"><h2>LE FONDS AFRICAIN D\u2019APPUI  A LA COOPERATION DECENTRALISEE INTERNATIONALE  DES COLLECTIVITES TERRITORIALES<\/h2><a class=\"download\" href=\"https:\/\/ampcpp.ma\/wp-content\/uploads\/2021\/12\/Guide_FACDI_V_23-6-2021-1-1.docx\">Download<svg xmlns=\"http:\/\/www.w3.org\/2000\/svg\" viewBox=\"0 0 330 330\"><path d=\"M325.607,79.393c-5.857-5.857-15.355-5.858-21.213,0.001l-139.39,139.393L25.607,79.393\tc-5.857-5.857-15.355-5.858-21.213,0.001c-5.858,5.858-5.858,15.355,0,21.213l150.004,150c2.813,2.813,6.628,4.393,10.606,4.393\ts7.794-1.581,10.606-4.394l149.996-150C331.465,94.749,331.465,85.251,325.607,79.393z\"><\/path><\/svg><\/a><\/div><div data-year=\"\" class=\"media-grid-item\" style=\"background-image: linear-gradient(165deg,#16a54a 0%,#16a54a 100%)\"><h2>COMPTE RENDU DE REUNION<\/h2><a class=\"download\" href=\"https:\/\/ampcpp.ma\/wp-content\/uploads\/2021\/12\/Compte_rendu_CP_27-7-2021_VF.docx\">Download<svg xmlns=\"http:\/\/www.w3.org\/2000\/svg\" viewBox=\"0 0 330 330\"><path d=\"M325.607,79.393c-5.857-5.857-15.355-5.858-21.213,0.001l-139.39,139.393L25.607,79.393\tc-5.857-5.857-15.355-5.858-21.213,0.001c-5.858,5.858-5.858,15.355,0,21.213l150.004,150c2.813,2.813,6.628,4.393,10.606,4.393\ts7.794-1.581,10.606-4.394l149.996-150C331.465,94.749,331.465,85.251,325.607,79.393z\"><\/path><\/svg><\/a><\/div><\/section><section class=\"media-grid\"><div data-year=\"\" class=\"media-grid-item\" style=\"background-image: linear-gradient(165deg,rgba(0,0,0,0) 0%,#000000 100%),url(https:\/\/ampcpp.ma\/wp-content\/uploads\/2021\/12\/3445.png);\"><a class=\"download\" href=\"https:\/\/ampcpp.ma\/wp-content\/uploads\/2021\/12\/\u0627\u0644\u062f\u0644\u064a\u0644-\u0627\u0644\u0642\u0627\u0646\u0648\u0646\u064a-\u0644\u0644\u0639\u0645\u0627\u0644\u0627\u062a-\u0648-\u0627\u0644\u0627\u0654\u0642\u0627\u0644\u064a\u0645-.-\u0646\u0633\u062e\u0629-\u062c\u0627\u0647\u0632\u0629-\u0644\u0644\u0627\u0655\u0635\u062f\u0627\u0631-1.pdf\">Download<svg xmlns=\"http:\/\/www.w3.org\/2000\/svg\" viewBox=\"0 0 330 330\"><path d=\"M325.607,79.393c-5.857-5.857-15.355-5.858-21.213,0.001l-139.39,139.393L25.607,79.393\tc-5.857-5.857-15.355-5.858-21.213,0.001c-5.858,5.858-5.858,15.355,0,21.213l150.004,150c2.813,2.813,6.628,4.393,10.606,4.393\ts7.794-1.581,10.606-4.394l149.996-150C331.465,94.749,331.465,85.251,325.607,79.393z\"><\/path><\/svg><\/a><\/div><div data-year=\"\" class=\"media-grid-item\" style=\"background-image: linear-gradient(165deg,rgba(0,0,0,0) 0%,#000000 100%),url(https:\/\/ampcpp.ma\/wp-content\/uploads\/2021\/12\/13245.png);\"><a class=\"download\" href=\"https:\/\/ampcpp.ma\/wp-content\/uploads\/2021\/12\/guide-dinte\u0301gration-de-lapproche-genre-dans-les-PDP-1.pdf\">Download<svg xmlns=\"http:\/\/www.w3.org\/2000\/svg\" viewBox=\"0 0 330 330\"><path d=\"M325.607,79.393c-5.857-5.857-15.355-5.858-21.213,0.001l-139.39,139.393L25.607,79.393\tc-5.857-5.857-15.355-5.858-21.213,0.001c-5.858,5.858-5.858,15.355,0,21.213l150.004,150c2.813,2.813,6.628,4.393,10.606,4.393\ts7.794-1.581,10.606-4.394l149.996-150C331.465,94.749,331.465,85.251,325.607,79.393z\"><\/path><\/svg><\/a><\/div><div data-year=\"\" class=\"media-grid-item\" style=\"background-image: linear-gradient(165deg,rgba(0,0,0,0) 0%,#000000 100%),url(https:\/\/ampcpp.ma\/wp-content\/uploads\/2022\/02\/CGLUA.png);\"><a class=\"download\" href=\"https:\/\/ampcpp.ma\/wp-content\/uploads\/2021\/12\/\u062a\u0642\u0631\u064a\u0631-\u0645\u0647\u0645\u0629-\u0645\u0635\u0631.pdf\">Download<svg xmlns=\"http:\/\/www.w3.org\/2000\/svg\" viewBox=\"0 0 330 330\"><path d=\"M325.607,79.393c-5.857-5.857-15.355-5.858-21.213,0.001l-139.39,139.393L25.607,79.393\tc-5.857-5.857-15.355-5.858-21.213,0.001c-5.858,5.858-5.858,15.355,0,21.213l150.004,150c2.813,2.813,6.628,4.393,10.606,4.393\ts7.794-1.581,10.606-4.394l149.996-150C331.465,94.749,331.465,85.251,325.607,79.393z\"><\/path><\/svg><\/a><\/div><\/section><section class=\"media-grid\"><div data-year=\"\" class=\"media-grid-item\" style=\"background-image: linear-gradient(165deg,rgba(0,0,0,0) 0%,#000000 100%),url(https:\/\/ampcpp.ma\/wp-content\/uploads\/2022\/02\/Capture-2021.png);\"><a class=\"download\" href=\"https:\/\/ampcpp.ma\/wp-content\/uploads\/2021\/12\/Presentation-STD-15-juillet-VF_compressed.pdf\">Download<svg xmlns=\"http:\/\/www.w3.org\/2000\/svg\" viewBox=\"0 0 330 330\"><path d=\"M325.607,79.393c-5.857-5.857-15.355-5.858-21.213,0.001l-139.39,139.393L25.607,79.393\tc-5.857-5.857-15.355-5.858-21.213,0.001c-5.858,5.858-5.858,15.355,0,21.213l150.004,150c2.813,2.813,6.628,4.393,10.606,4.393\ts7.794-1.581,10.606-4.394l149.996-150C331.465,94.749,331.465,85.251,325.607,79.393z\"><\/path><\/svg><\/a><\/div><div data-year=\"\" class=\"media-grid-item\" style=\"background-image: linear-gradient(165deg,rgba(0,0,0,0) 0%,#000000 100%),url(https:\/\/ampcpp.ma\/wp-content\/uploads\/2022\/02\/Capture.png);\"><a class=\"download\" href=\"https:\/\/ampcpp.ma\/wp-content\/uploads\/2022\/02\/Veille-mediatique-ampcpp-29-01-2022.pdf\">Download<svg xmlns=\"http:\/\/www.w3.org\/2000\/svg\" viewBox=\"0 0 330 330\"><path d=\"M325.607,79.393c-5.857-5.857-15.355-5.858-21.213,0.001l-139.39,139.393L25.607,79.393\tc-5.857-5.857-15.355-5.858-21.213,0.001c-5.858,5.858-5.858,15.355,0,21.213l150.004,150c2.813,2.813,6.628,4.393,10.606,4.393\ts7.794-1.581,10.606-4.394l149.996-150C331.465,94.749,331.465,85.251,325.607,79.393z\"><\/path><\/svg><\/a><\/div><div data-year=\"\" class=\"media-grid-item\" style=\"background-image: linear-gradient(165deg,rgba(0,0,0,0) 0%,#000000 100%),url(https:\/\/ampcpp.ma\/wp-content\/uploads\/2022\/02\/2019.png);\"><a class=\"download\" href=\"https:\/\/ampcpp.ma\/wp-content\/uploads\/2022\/01\/DGCL-Manuel-IEEAG-Pre\u0301fectures-Provinces_0.pdf\">Download<svg xmlns=\"http:\/\/www.w3.org\/2000\/svg\" viewBox=\"0 0 330 330\"><path d=\"M325.607,79.393c-5.857-5.857-15.355-5.858-21.213,0.001l-139.39,139.393L25.607,79.393\tc-5.857-5.857-15.355-5.858-21.213,0.001c-5.858,5.858-5.858,15.355,0,21.213l150.004,150c2.813,2.813,6.628,4.393,10.606,4.393\ts7.794-1.581,10.606-4.394l149.996-150C331.465,94.749,331.465,85.251,325.607,79.393z\"><\/path><\/svg><\/a><\/div><\/section><section class=\"media-grid\"><div data-year=\"\" class=\"media-grid-item\" style=\"background-image: linear-gradient(165deg,rgba(0,0,0,0) 0%,#000000 100%),url(https:\/\/ampcpp.ma\/wp-content\/uploads\/2022\/06\/EN1.png);\"><a class=\"download\" href=\"https:\/\/ampcpp.ma\/wp-content\/uploads\/2022\/06\/Manuel-FACDI-EN.pdf\">Download<svg xmlns=\"http:\/\/www.w3.org\/2000\/svg\" viewBox=\"0 0 330 330\"><path d=\"M325.607,79.393c-5.857-5.857-15.355-5.858-21.213,0.001l-139.39,139.393L25.607,79.393\tc-5.857-5.857-15.355-5.858-21.213,0.001c-5.858,5.858-5.858,15.355,0,21.213l150.004,150c2.813,2.813,6.628,4.393,10.606,4.393\ts7.794-1.581,10.606-4.394l149.996-150C331.465,94.749,331.465,85.251,325.607,79.393z\"><\/path><\/svg><\/a><\/div><\/section><\/div><\/div>[\/vc_column][\/vc_row]<\/p>\n","protected":false},"excerpt":{"rendered":"<p>[vc_row][vc_column][\/vc_column][\/vc_row]<\/p>\n","protected":false},"author":1,"featured_media":0,"parent":0,"menu_order":0,"comment_status":"closed","ping_status":"closed","template":"","meta":[],"yoast_head":"<!-- This site is optimized with the Yoast SEO plugin v18.1 - https:\/\/yoast.com\/wordpress\/plugins\/seo\/ -->\n<title>The publications - Association Marocaine Des Pr\u00e9sidents Des Conseils Pr\u00e9fectoraux Et Provinciaux<\/title>\n<meta name=\"robots\" content=\"index, follow, max-snippet:-1, max-image-preview:large, max-video-preview:-1\" \/>\n<link rel=\"canonical\" href=\"https:\/\/ampcpp.ma\/en\/the-publications\/\" \/>\n<meta property=\"og:locale\" content=\"en_US\" \/>\n<meta property=\"og:type\" content=\"article\" \/>\n<meta property=\"og:title\" content=\"The publications - Association Marocaine Des Pr\u00e9sidents Des Conseils Pr\u00e9fectoraux Et Provinciaux\" \/>\n<meta property=\"og:description\" content=\"[vc_row][vc_column][\/vc_column][\/vc_row]\" \/>\n<meta property=\"og:url\" content=\"https:\/\/ampcpp.ma\/en\/the-publications\/\" \/>\n<meta property=\"og:site_name\" content=\"Association Marocaine Des Pr\u00e9sidents Des Conseils Pr\u00e9fectoraux Et Provinciaux\" \/>\n<meta property=\"article:modified_time\" content=\"2022-06-16T14:04:04+00:00\" \/>\n<meta name=\"twitter:card\" content=\"summary_large_image\" \/>\n<meta name=\"twitter:label1\" content=\"Est. reading time\" \/>\n\t<meta name=\"twitter:data1\" content=\"1 minute\" \/>\n<script type=\"application\/ld+json\" class=\"yoast-schema-graph\">{\"@context\":\"https:\/\/schema.org\",\"@graph\":[{\"@type\":\"WebSite\",\"@id\":\"https:\/\/ampcpp.ma\/en\/#website\",\"url\":\"https:\/\/ampcpp.ma\/en\/\",\"name\":\"Association Marocaine Des Pr\u00e9sidents Des Conseils Pr\u00e9fectoraux Et Provinciaux\",\"description\":\"L&#039;union fait la force\",\"potentialAction\":[{\"@type\":\"SearchAction\",\"target\":{\"@type\":\"EntryPoint\",\"urlTemplate\":\"https:\/\/ampcpp.ma\/en\/?s={search_term_string}\"},\"query-input\":\"required name=search_term_string\"}],\"inLanguage\":\"en-US\"},{\"@type\":\"WebPage\",\"@id\":\"https:\/\/ampcpp.ma\/en\/the-publications\/#webpage\",\"url\":\"https:\/\/ampcpp.ma\/en\/the-publications\/\",\"name\":\"The publications - Association Marocaine Des Pr\u00e9sidents Des Conseils Pr\u00e9fectoraux Et Provinciaux\",\"isPartOf\":{\"@id\":\"https:\/\/ampcpp.ma\/en\/#website\"},\"datePublished\":\"2021-01-05T00:46:15+00:00\",\"dateModified\":\"2022-06-16T14:04:04+00:00\",\"breadcrumb\":{\"@id\":\"https:\/\/ampcpp.ma\/en\/the-publications\/#breadcrumb\"},\"inLanguage\":\"en-US\",\"potentialAction\":[{\"@type\":\"ReadAction\",\"target\":[\"https:\/\/ampcpp.ma\/en\/the-publications\/\"]}]},{\"@type\":\"BreadcrumbList\",\"@id\":\"https:\/\/ampcpp.ma\/en\/the-publications\/#breadcrumb\",\"itemListElement\":[{\"@type\":\"ListItem\",\"position\":1,\"name\":\"\u0627\u0644\u0631\u0626\u064a\u0633\u064a\u0629\",\"item\":\"https:\/\/ampcpp.ma\/en\/\"},{\"@type\":\"ListItem\",\"position\":2,\"name\":\"The publications\"}]}]}<\/script>\n<!-- \/ Yoast SEO plugin. -->","yoast_head_json":{"title":"The publications - Association Marocaine Des Pr\u00e9sidents Des Conseils Pr\u00e9fectoraux Et Provinciaux","robots":{"index":"index","follow":"follow","max-snippet":"max-snippet:-1","max-image-preview":"max-image-preview:large","max-video-preview":"max-video-preview:-1"},"canonical":"https:\/\/ampcpp.ma\/en\/the-publications\/","og_locale":"en_US","og_type":"article","og_title":"The publications - Association Marocaine Des Pr\u00e9sidents Des Conseils Pr\u00e9fectoraux Et Provinciaux","og_description":"[vc_row][vc_column][\/vc_column][\/vc_row]","og_url":"https:\/\/ampcpp.ma\/en\/the-publications\/","og_site_name":"Association Marocaine Des Pr\u00e9sidents Des Conseils Pr\u00e9fectoraux Et Provinciaux","article_modified_time":"2022-06-16T14:04:04+00:00","twitter_card":"summary_large_image","twitter_misc":{"Est. reading time":"1 minute"},"schema":{"@context":"https:\/\/schema.org","@graph":[{"@type":"WebSite","@id":"https:\/\/ampcpp.ma\/en\/#website","url":"https:\/\/ampcpp.ma\/en\/","name":"Association Marocaine Des Pr\u00e9sidents Des Conseils Pr\u00e9fectoraux Et Provinciaux","description":"L&#039;union fait la force","potentialAction":[{"@type":"SearchAction","target":{"@type":"EntryPoint","urlTemplate":"https:\/\/ampcpp.ma\/en\/?s={search_term_string}"},"query-input":"required name=search_term_string"}],"inLanguage":"en-US"},{"@type":"WebPage","@id":"https:\/\/ampcpp.ma\/en\/the-publications\/#webpage","url":"https:\/\/ampcpp.ma\/en\/the-publications\/","name":"The publications - Association Marocaine Des Pr\u00e9sidents Des Conseils Pr\u00e9fectoraux Et Provinciaux","isPartOf":{"@id":"https:\/\/ampcpp.ma\/en\/#website"},"datePublished":"2021-01-05T00:46:15+00:00","dateModified":"2022-06-16T14:04:04+00:00","breadcrumb":{"@id":"https:\/\/ampcpp.ma\/en\/the-publications\/#breadcrumb"},"inLanguage":"en-US","potentialAction":[{"@type":"ReadAction","target":["https:\/\/ampcpp.ma\/en\/the-publications\/"]}]},{"@type":"BreadcrumbList","@id":"https:\/\/ampcpp.ma\/en\/the-publications\/#breadcrumb","itemListElement":[{"@type":"ListItem","position":1,"name":"\u0627\u0644\u0631\u0626\u064a\u0633\u064a\u0629","item":"https:\/\/ampcpp.ma\/en\/"},{"@type":"ListItem","position":2,"name":"The publications"}]}]}},"_links":{"self":[{"href":"https:\/\/ampcpp.ma\/en\/wp-json\/wp\/v2\/pages\/1608"}],"collection":[{"href":"https:\/\/ampcpp.ma\/en\/wp-json\/wp\/v2\/pages"}],"about":[{"href":"https:\/\/ampcpp.ma\/en\/wp-json\/wp\/v2\/types\/page"}],"author":[{"embeddable":true,"href":"https:\/\/ampcpp.ma\/en\/wp-json\/wp\/v2\/users\/1"}],"replies":[{"embeddable":true,"href":"https:\/\/ampcpp.ma\/en\/wp-json\/wp\/v2\/comments?post=1608"}],"version-history":[{"count":4,"href":"https:\/\/ampcpp.ma\/en\/wp-json\/wp\/v2\/pages\/1608\/revisions"}],"predecessor-version":[{"id":3959,"href":"https:\/\/ampcpp.ma\/en\/wp-json\/wp\/v2\/pages\/1608\/revisions\/3959"}],"wp:attachment":[{"href":"https:\/\/ampcpp.ma\/en\/wp-json\/wp\/v2\/media?parent=1608"}],"curies":[{"name":"wp","href":"https:\/\/api.w.org\/{rel}","templated":true}]}}