{"id":22,"date":"2021-01-05T00:37:51","date_gmt":"2021-01-05T00:37:51","guid":{"rendered":"http:\/\/ampcpp.com\/?page_id=22"},"modified":"2022-04-25T15:47:05","modified_gmt":"2022-04-25T15:47:05","slug":"accueil","status":"publish","type":"page","link":"https:\/\/ampcpp.ma\/fr\/","title":{"rendered":"Accueil"},"content":{"rendered":"<p>[vc_row][vc_column]<section class=\"latest-articles\"><div class=\"panel\"><div class=\"latest-articles-slider\"><article class=\"article\" style=\"background-image:url(https:\/\/ampcpp.ma\/wp-content\/uploads\/2025\/09\/1000125117.jpg)\"><a href=\"https:\/\/ampcpp.ma\/fr\/activities\/participation-de-lassociation-a-la-journee-detude-de-cordoue-le-lundi-22-septembre-2025\/\"><div class=\"article-meta\"><h2>Participation de l'Association \u00e0 la journ\u00e9e d'\u00e9tude de Cordoue le lundi 22 septembre 2025<\/h2><p>Sep 25, 2025<\/p><\/div><\/a><\/article><article class=\"article\" style=\"background-image:url(https:\/\/ampcpp.ma\/wp-content\/uploads\/2025\/04\/facebook_1745849189215_7322622237722617758.jpg)\"><a href=\"https:\/\/ampcpp.ma\/fr\/activities\/participation-de-lassociation-marocaine-des-presidents-des-conseils-des-prefectures-et-des-provinces-du-25-au-27-mars-a-la-48-eme-session-du-congres-des-pouvoirs-locaux-et-regionaux-du-conseil-de-l\/\"><div class=\"article-meta\"><h2>Participation de l'Association Marocaine des Pr\u00e9sidents des Conseils des Pr\u00e9fectures et des Provinces du 25 au 27 mars \u00e0 la 48 \u00e8me session du Congr\u00e8s des Pouvoirs Locaux et R\u00e9gionaux du Conseil de l'Europe<\/h2><p>Avr 28, 2025<\/p><\/div><\/a><\/article><article class=\"article\" style=\"background-image:url(https:\/\/ampcpp.ma\/wp-content\/uploads\/2023\/11\/1-2-scaled.jpg)\"><a href=\"https:\/\/ampcpp.ma\/fr\/activities\/participation-de-lassociation-marocaine-des-presidents-des-conseils-des-prefectures-et-des-provinces-a-la-ceremonie-de-remise-du-prix-dexcellence-de-la-femme-marocaine\/\"><div class=\"article-meta\"><h2>Participation de l'Association Marocaine des P\u00e9sidents des Conseils des Pr\u00e9fectures et  des Provinces \u00e0 la c\u00e9r\u00e9monie de remise du \u00ab Prix d'excellence de la femme marocaine \u00bb<\/h2><p>Nov 02, 2023<\/p><\/div><\/a><\/article><article class=\"article\" style=\"background-image:url(https:\/\/ampcpp.ma\/wp-content\/uploads\/2023\/10\/italie44.jpg)\"><a href=\"https:\/\/ampcpp.ma\/fr\/activities\/participation-du-president-de-lassociation-marocaine-des-conseils-des-prefectures-et-des-provinces-aux-travaux-de-la-quatorzieme-session-pleniere-de-lassemblee-regionale-et-locale-euro-mediterrane\/\"><div class=\"article-meta\"><h2>Participation du pr\u00e9sident de l'Association Marocaine des conseils des Pr\u00e9fectures et des Provinces aux travaux de la quatorzi\u00e8me session pl\u00e9ni\u00e8re de l'Assembl\u00e9e r\u00e9gionale et locale euro-m\u00e9diterran\u00e9enne (ARLEM)<\/h2><p>Oct 24, 2023<\/p><\/div><\/a><\/article><article class=\"article\" style=\"background-image:url(https:\/\/ampcpp.ma\/wp-content\/uploads\/2023\/10\/IMG-20231017-WA0042.jpg)\"><a href=\"https:\/\/ampcpp.ma\/fr\/activities\/m-abdelaziz-derouiche-president-de-lassociation-marocaine-des-presidents-des-conseils-des-prefectures-et-des-provinces-invite-au-forum-diplomatique\/\"><div class=\"article-meta\"><h2>M. Abdelaziz Derouiche, pr\u00e9sident de l'Association Marocaine des pr\u00e9sidents des conseils des Pr\u00e9fectures et des Provinces,  invit\u00e9 au Forum diplomatique<\/h2><p>Oct 17, 2023<\/p><\/div><\/a><\/article><article class=\"article\" style=\"background-image:url(https:\/\/ampcpp.ma\/wp-content\/uploads\/2023\/10\/IMG-20231009-WA0058-2.jpg)\"><a href=\"https:\/\/ampcpp.ma\/fr\/activities\/visite-de-mme-kadidiatou-some-ouattara-directeur-de-la-cooperation-decentralisee-en-republique-du-burkina-faso-a-lampcpp\/\"><div class=\"article-meta\"><h2>Visite de Mme KADIDIATOU SOME OUATTARA Directeur de la Coop\u00e9ration D\u00e9centralis\u00e9e en R\u00e9publique du Burkina Faso \u00e0 l'AMPCPP<\/h2><p>Oct 09, 2023<\/p><\/div><\/a><\/article><article class=\"article\" style=\"background-image:url(https:\/\/ampcpp.ma\/wp-content\/uploads\/2023\/06\/IMG-20230610-WA0014.jpg)\"><a href=\"https:\/\/ampcpp.ma\/fr\/activities\/visite-de-travail-de-la-delegation-representant-lampcpp-en-roumanie\/\"><div class=\"article-meta\"><h2>Visite de travail de la d\u00e9l\u00e9gation repr\u00e9sentant l'AMPCPP en Roumanie<\/h2><p>Juin 11, 2023<\/p><\/div><\/a><\/article><article class=\"article\" style=\"background-image:url(https:\/\/ampcpp.ma\/wp-content\/uploads\/2023\/05\/zagreb2.jpeg)\"><a href=\"https:\/\/ampcpp.ma\/fr\/activities\/la-participation-du-president-de-lassociation-marocaine-des-presidents-des-conseils-des-prefectures-et-des-provinces-a-la-3eme-conference-ministerielle-sur-le-developpement-urbain-durable\/\"><div class=\"article-meta\"><h2>La participation du Pr\u00e9sident de l\u2019Association Marocaine des Pr\u00e9sidents des Conseils des Pr\u00e9fectures et des Provinces \u00e0  la 3\u00e8me  Conf\u00e9rence Minist\u00e9rielle sur le D\u00e9veloppement Urbain Durable   \u00e0 Zagreb en Croatie<\/h2><p>Mai 04, 2023<\/p><\/div><\/a><\/article><article class=\"article\" style=\"background-image:url(https:\/\/ampcpp.ma\/wp-content\/uploads\/2023\/03\/PRESIDENT-CPLR-2023-2.jpg)\"><a href=\"https:\/\/ampcpp.ma\/fr\/activities\/intervention-du-president-de-lassociation-marocaine-des-presidents-des-conseils-des-prefectures-et-des-provinces-a-la-44eme-session-du-cplr\/\"><div class=\"article-meta\"><h2>intervention Du Pr\u00e9sident de l'Association Marocaine des Pr\u00e9sidents des Conseils des Pr\u00e9fectures et des Provinces \u00e0 la 44\u00e8me session du CPLR<\/h2><p>Mar 22, 2023<\/p><\/div><\/a><\/article><article class=\"article\" style=\"background-image:url(https:\/\/ampcpp.ma\/wp-content\/uploads\/2022\/06\/PARIS-20-JUIN-2022-2-3.jpg)\"><a href=\"https:\/\/ampcpp.ma\/fr\/activities\/communique-de-presse-paris-juin-2022\/\"><div class=\"article-meta\"><h2>Communiqu\u00e9 de Presse, Paris JUIN 2022<\/h2><p>Juin 29, 2022<\/p><\/div><\/a><\/article><\/div><\/div><\/section><section class=\"home-intro\"><div class=\"panel\"><div class=\"panel-flex\"><div class=\"panel-flex__left\"><img src=\"https:\/\/ampcpp.ma\/wp-content\/uploads\/2022\/02\/Image.jpg\" alt=\"\"\/><div class=\"about-links\"><a href=\"https:\/\/ampcpp.com\/partenariats\/\">Partenariats<\/a><a href=\"\/activities\">Activit\u00e9s<\/a><a href=\"https:\/\/ampcpp.com\/lassociation\/presentation\/\">Pr\u00e9sentation<\/a><\/div><\/div><div class=\"panel-flex__right\"><h3>MOT DU PR\u00c9SIDENT DE L\u2019ASSOCIATION<\/h3><article class=\"content\"><\/p>\n<p style=\"text-align: justify;\">Sur la lign\u00e9e du Bureau Ex\u00e9cutif dont le mandat vient d\u2019expirer et avec du sang neuf, un esprit fort et un enthousiasme renouvel\u00e9, l&rsquo;Association Marocaine des Pr\u00e9sidents des Conseils des Pr\u00e9fectures et des Provinces poursuit son chemin comme partenaire permanent de tous les d\u00e9bats publics sur la gouvernance territoriale et le d\u00e9veloppement du processus de la d\u00e9centralisation en renfor\u00e7ant sa place parmi les acteurs nationaux locaux concern\u00e9s par le renforcement des m\u00e9canismes de d\u00e9centralisation dans notre pays.<\/p>\n<p style=\"text-align: justify;\">Gr\u00e2ce \u00e0 l&rsquo;implication de chacun, nous \u0153uvrerons pour que l&rsquo;Association continue d&rsquo;\u00eatre l&rsquo;interlocuteur et le partenaire principal du Minist\u00e8re de l&rsquo;Int\u00e9rieur dans les diff\u00e9rents dossiers et sujets qui pr\u00e9occupent ces Conseils et un d\u00e9fenseur fervent pour surmonter les contraintes auxquelles sont confront\u00e9s les Pr\u00e9sidents des Conseils Pr\u00e9fectoraux et Provinciaux pour exercer les diff\u00e9rentes comp\u00e9tences que le l\u00e9gislateur leur a conf\u00e9r\u00e9 par la loi 112-14 relative aux conseils Pr\u00e9fectoraux et Provinciaux afin de les clarifier et de r\u00e9soudre tous les probl\u00e8mes \u00e0 m\u00eame de lever les d\u00e9fis auxquels nous nous confrontons dans le domaine du d\u00e9veloppement local.En s\u2019appuyant sur les efforts des nouvelles structures \u00e9lues de l&rsquo;Association, nous travaillerons \u00e0 renforcer le r\u00f4le de l&rsquo;Association comme force de proposition aupr\u00e8s des instances gouvernementales, par ses contributions \u00e0 de nombreux ateliers et sa participation \u00e0 de nombreuses \u00e9tudes, s\u00e9minaires et r\u00e9unions qui concernent la gestion des affaires territoriales locales, au c\u00f4t\u00e9 de l&rsquo;Association des R\u00e9gions du Maroc et l&rsquo;Association Marocaine des Pr\u00e9sidents des Conseils Communaux.Nous \u0153uvrerons \u00e9galement \u00e0 diversifier nos partenariats avec les acteurs \u00a0qui partagent les m\u00eames objectifs, toit en consolidant la coop\u00e9ration avec nos partenaires actuels en unissant nos forces afin d&rsquo;atteindre les objectifs fix\u00e9s par les accords de partenariat et de coop\u00e9ration qui les lient \u00e0 notre Association.En collaboration avec la Direction G\u00e9n\u00e9rale des Collectivit\u00e9s Territoriales et les partenaires, nous ferons de la strat\u00e9gie de l&rsquo;Association dans le domaine de la formation continue des ressources humaines un chantier strat\u00e9gique pour renforcer les comp\u00e9tences, l&rsquo;exp\u00e9rience et les capacit\u00e9s managerielles des Pr\u00e9sidents des Conseils des Pr\u00e9fectures et Provinces.De m\u00eame, le Bureau Ex\u00e9cutif activera \u00e9galement l&rsquo;adh\u00e9sion de l&rsquo;Association au Congr\u00e8s des Pouvoirs Locaux et R\u00e9gionaux du Conseil de l&rsquo;Europe, qui a conf\u00e9r\u00e9 au Royaume du Maroc le statut de Partenaire pour la d\u00e9mocratie locale. Par ailleurs, on va continuer \u00e0 travailler avec les instances nationales auxquelles l\u2019Association est membre, tels que le Comit\u00e9 National de la Commande Publique, le Comit\u00e9 National de l&rsquo;Efficacit\u00e9 Energ\u00e9tique, le Conseil Consultatif sur le Changement Climatique, le Comit\u00e9 de Pilotage du Fonds africain d\u2019appui \u00e0 la coop\u00e9ration d\u00e9centralis\u00e9e internationale des Collectivit\u00e9s Territoriales et le Conseil d&rsquo;Orientation et de Suivi de la Fondation des \u0153uvres sociales du personnel des Collectivit\u00e9s Territoriales.Au nom de tous les membres du Bureau Ex\u00e9cutif de l&rsquo;Association et en votre nom \u00e0 tous, j&rsquo;adresse mes sinc\u00e8res remerciements \u00e0 Monsieur le Ministre de l&rsquo;Int\u00e9rieur, au Wali, G\u00e9n\u00e9ral des Collectivit\u00e9s Territoriales et \u00e0 leurs proches collaborateurs pour toutes les formes de soutien continu \u00e0 l&rsquo;Association et leur appui aux Conseils Pr\u00e9fectoraux et Provinciaux dans l&rsquo;ex\u00e9cution des missions qui leur sont confi\u00e9es.<\/p>\n<p style=\"text-align: justify;\">Puisse-Dieu nous aider tous pour le bien de notre pays et du peuple marocain, sous la Sage Direction de Notre Souverain, Commandeur des Croyants, Sa Majest\u00e9 le Roi Mohammed VI, que Dieu L\u2019assiste, et Le comble en les personnes de SAR le Prince H\u00e9ritier bien-aim\u00e9 Moulay El Hassan, la Princesse Lalla Khadija, Le Prince Moulay Rachid et l\u2019ensemble des membres de l&rsquo;illustre famille Royale.<\/p>\n<p style=\"text-align: left;\">\u00a0\u00a0\u00bb Dieu l\u2019omnipotent exauce les v\u0153ux de ceux qui l\u2019implorent\u00a0\u00bb.<\/p>\n<p style=\"text-align: center;\">\u00a0Le Pr\u00e9sident de l\u2019Association Marocaine des Pr\u00e9sidents des Conseils des Pr\u00e9fectures et Provinces<\/p>\n<p><\/article><a href=\"http:\/\/ampcpp.com\/lassociation\/presentation\/\" class=\"btn btn-secondary\" id=\"more\" data-title=\"Lire la suite\">Lire la suite<\/a><\/div><\/div><footer class=\"links\"><div class=\"link\" style=\"background-image: linear-gradient(180deg,rgba(0,0,0,0.49) 0%,rgba(0,0,0,0.7) 100%),url(https:\/\/ampcpp.ma\/wp-content\/uploads\/2021\/01\/map.jpg)\"><a href=\"http:\/\/ampcpp.com\/carte\/\">Carte interactive<svg xmlns=\"http:\/\/www.w3.org\/2000\/svg\" viewBox=\"0 0 330 330\">\n\t\t\t\t<path d=\"M325.607,79.393c-5.857-5.857-15.355-5.858-21.213,0.001l-139.39,139.393L25.607,79.393\tc-5.857-5.857-15.355-5.858-21.213,0.001c-5.858,5.858-5.858,15.355,0,21.213l150.004,150c2.813,2.813,6.628,4.393,10.606,4.393\ts7.794-1.581,10.606-4.394l149.996-150C331.465,94.749,331.465,85.251,325.607,79.393z\"><\/path>\n\t\t\t\t<\/svg><\/a><\/div><div class=\"link\" style=\"background-image: linear-gradient(180deg,rgba(0,0,0,0.49) 0%,rgba(0,0,0,0.7) 100%),url(https:\/\/ampcpp.ma\/wp-content\/uploads\/2021\/01\/publications.jpg)\"><a href=\"http:\/\/ampcpp.com\/publications\/\">Les publications<svg xmlns=\"http:\/\/www.w3.org\/2000\/svg\" viewBox=\"0 0 330 330\">\n\t\t\t\t<path d=\"M325.607,79.393c-5.857-5.857-15.355-5.858-21.213,0.001l-139.39,139.393L25.607,79.393\tc-5.857-5.857-15.355-5.858-21.213,0.001c-5.858,5.858-5.858,15.355,0,21.213l150.004,150c2.813,2.813,6.628,4.393,10.606,4.393\ts7.794-1.581,10.606-4.394l149.996-150C331.465,94.749,331.465,85.251,325.607,79.393z\"><\/path>\n\t\t\t\t<\/svg><\/a><\/div><\/footer><\/div><\/section>[\/vc_column][\/vc_row][vc_row][vc_column]<section class=\"columns-container\"><section class=\"contact-map\"><iframe src=\"https:\/\/www.facebook.com\/plugins\/page.php?href=https%3A%2F%2Fwww.facebook.com%2FAMPCPPMaroc&tabs=timeline&width=500&height=500&small_header=false&adapt_container_width=true&hide_cover=false&show_facepile=false&appId\" width=\"500\" height=\"500\" style=\"border:none;overflow:hidden\" scrolling=\"no\" frameborder=\"0\" allowfullscreen=\"true\" allow=\"autoplay; clipboard-write; encrypted-media; picture-in-picture; web-share\"><\/iframe><\/section><section class=\"events panel\"><h2>\u00e9v\u00e9nements<\/h2><div class=\"event\"><div class=\"event-image\"><img src=\"https:\/\/ampcpp.ma\/wp-content\/uploads\/2021\/01\/Untitled-1.png\" \/><\/div><div class=\"event-metas\"><p class=\"heading\">Comm\u00e9moration De La Journ\u00e9e Africaine De La D\u00e9centralisation Et Du D\u00e9veloppement Local 2020<\/p><p class=\"date\">octobre 12, 2020<\/p><\/div><\/div><div class=\"event\"><div class=\"event-image\"><img src=\"https:\/\/ampcpp.ma\/wp-content\/uploads\/2021\/01\/Untitled-1.png\" \/><\/div><div class=\"event-metas\"><p class=\"heading\">Comm\u00e9moration De La Journ\u00e9e Africaine De La D\u00e9centralisation Et Du D\u00e9veloppement Local 2020<\/p><p class=\"date\">octobre 12, 2020<\/p><\/div><\/div><div class=\"event\"><div class=\"event-image\"><img src=\"https:\/\/ampcpp.ma\/wp-content\/uploads\/2021\/01\/Untitled-1.png\" \/><\/div><div class=\"event-metas\"><p class=\"heading\">Comm\u00e9moration De La Journ\u00e9e Africaine De La D\u00e9centralisation Et Du D\u00e9veloppement Local 2020<\/p><p class=\"date\">octobre 12, 2020<\/p><\/div><\/div><\/section><\/section>[\/vc_column][\/vc_row]<\/p>\n","protected":false},"excerpt":{"rendered":"<p>[vc_row][vc_column][\/vc_column][\/vc_row][vc_row][vc_column][\/vc_column][\/vc_row]<\/p>\n","protected":false},"author":1,"featured_media":0,"parent":0,"menu_order":0,"comment_status":"closed","ping_status":"closed","template":"home.php","meta":[],"yoast_head":"<!-- This site is optimized with the Yoast SEO plugin v18.1 - https:\/\/yoast.com\/wordpress\/plugins\/seo\/ -->\n<title>Accueil - Association Marocaine Des Pr\u00e9sidents Des Conseils Pr\u00e9fectoraux Et Provinciaux<\/title>\n<meta name=\"description\" content=\"Association Marocaine des Pr\u00e9sidents des Conseils des Pr\u00e9fectures et des Provinces\" \/>\n<meta name=\"robots\" content=\"index, follow, max-snippet:-1, max-image-preview:large, max-video-preview:-1\" \/>\n<link rel=\"canonical\" href=\"https:\/\/ampcpp.ma\/fr\/\" \/>\n<meta property=\"og:locale\" content=\"fr_FR\" \/>\n<meta property=\"og:type\" content=\"article\" \/>\n<meta property=\"og:title\" content=\"AMPCPP\" \/>\n<meta property=\"og:description\" content=\"Association Marocaine des Pr\u00e9sidents des Conseils des Pr\u00e9fectures et des Provinces\" \/>\n<meta property=\"og:url\" content=\"https:\/\/ampcpp.ma\/fr\/\" \/>\n<meta property=\"og:site_name\" content=\"Association Marocaine Des Pr\u00e9sidents Des Conseils Pr\u00e9fectoraux Et Provinciaux\" \/>\n<meta property=\"article:modified_time\" content=\"2022-04-25T15:47:05+00:00\" \/>\n<meta property=\"og:image\" content=\"https:\/\/ampcpp.ma\/wp-content\/uploads\/2022\/02\/logo-fr.png\" \/>\n\t<meta property=\"og:image:width\" content=\"360\" \/>\n\t<meta property=\"og:image:height\" content=\"85\" \/>\n\t<meta property=\"og:image:type\" content=\"image\/png\" \/>\n<meta name=\"twitter:card\" content=\"summary_large_image\" \/>\n<meta name=\"twitter:label1\" content=\"Dur\u00e9e de lecture estim\u00e9e\" \/>\n\t<meta name=\"twitter:data1\" content=\"5 minutes\" \/>\n<script type=\"application\/ld+json\" class=\"yoast-schema-graph\">{\"@context\":\"https:\/\/schema.org\",\"@graph\":[{\"@type\":\"WebSite\",\"@id\":\"https:\/\/ampcpp.ma\/en\/#website\",\"url\":\"https:\/\/ampcpp.ma\/en\/\",\"name\":\"Association Marocaine Des Pr\u00e9sidents Des Conseils Pr\u00e9fectoraux Et Provinciaux\",\"description\":\"L&#039;union fait la force\",\"potentialAction\":[{\"@type\":\"SearchAction\",\"target\":{\"@type\":\"EntryPoint\",\"urlTemplate\":\"https:\/\/ampcpp.ma\/en\/?s={search_term_string}\"},\"query-input\":\"required name=search_term_string\"}],\"inLanguage\":\"fr-FR\"},{\"@type\":\"ImageObject\",\"@id\":\"https:\/\/ampcpp.ma\/fr\/#primaryimage\",\"inLanguage\":\"fr-FR\",\"url\":\"https:\/\/ampcpp.ma\/wp-content\/uploads\/2022\/02\/logo-fr.png\",\"contentUrl\":\"https:\/\/ampcpp.ma\/wp-content\/uploads\/2022\/02\/logo-fr.png\",\"width\":360,\"height\":85},{\"@type\":\"WebPage\",\"@id\":\"https:\/\/ampcpp.ma\/fr\/#webpage\",\"url\":\"https:\/\/ampcpp.ma\/fr\/\",\"name\":\"Accueil - Association Marocaine Des Pr\u00e9sidents Des Conseils Pr\u00e9fectoraux Et Provinciaux\",\"isPartOf\":{\"@id\":\"https:\/\/ampcpp.ma\/en\/#website\"},\"datePublished\":\"2021-01-05T00:37:51+00:00\",\"dateModified\":\"2022-04-25T15:47:05+00:00\",\"description\":\"Association Marocaine des Pr\u00e9sidents des Conseils des Pr\u00e9fectures et des Provinces\",\"breadcrumb\":{\"@id\":\"https:\/\/ampcpp.ma\/fr\/#breadcrumb\"},\"inLanguage\":\"fr-FR\",\"potentialAction\":[{\"@type\":\"ReadAction\",\"target\":[\"https:\/\/ampcpp.ma\/fr\/\"]}]},{\"@type\":\"BreadcrumbList\",\"@id\":\"https:\/\/ampcpp.ma\/fr\/#breadcrumb\",\"itemListElement\":[{\"@type\":\"ListItem\",\"position\":1,\"name\":\"\u0627\u0644\u0631\u0626\u064a\u0633\u064a\u0629\",\"item\":\"https:\/\/ampcpp.ma\/fr\/\"},{\"@type\":\"ListItem\",\"position\":2,\"name\":\"Accueil\"}]}]}<\/script>\n<!-- \/ Yoast SEO plugin. -->","yoast_head_json":{"title":"Accueil - Association Marocaine Des Pr\u00e9sidents Des Conseils Pr\u00e9fectoraux Et Provinciaux","description":"Association Marocaine des Pr\u00e9sidents des Conseils des Pr\u00e9fectures et des Provinces","robots":{"index":"index","follow":"follow","max-snippet":"max-snippet:-1","max-image-preview":"max-image-preview:large","max-video-preview":"max-video-preview:-1"},"canonical":"https:\/\/ampcpp.ma\/fr\/","og_locale":"fr_FR","og_type":"article","og_title":"AMPCPP","og_description":"Association Marocaine des Pr\u00e9sidents des Conseils des Pr\u00e9fectures et des Provinces","og_url":"https:\/\/ampcpp.ma\/fr\/","og_site_name":"Association Marocaine Des Pr\u00e9sidents Des Conseils Pr\u00e9fectoraux Et Provinciaux","article_modified_time":"2022-04-25T15:47:05+00:00","og_image":[{"width":360,"height":85,"url":"https:\/\/ampcpp.ma\/wp-content\/uploads\/2022\/02\/logo-fr.png","type":"image\/png"}],"twitter_card":"summary_large_image","twitter_misc":{"Dur\u00e9e de lecture estim\u00e9e":"5 minutes"},"schema":{"@context":"https:\/\/schema.org","@graph":[{"@type":"WebSite","@id":"https:\/\/ampcpp.ma\/en\/#website","url":"https:\/\/ampcpp.ma\/en\/","name":"Association Marocaine Des Pr\u00e9sidents Des Conseils Pr\u00e9fectoraux Et Provinciaux","description":"L&#039;union fait la force","potentialAction":[{"@type":"SearchAction","target":{"@type":"EntryPoint","urlTemplate":"https:\/\/ampcpp.ma\/en\/?s={search_term_string}"},"query-input":"required name=search_term_string"}],"inLanguage":"fr-FR"},{"@type":"ImageObject","@id":"https:\/\/ampcpp.ma\/fr\/#primaryimage","inLanguage":"fr-FR","url":"https:\/\/ampcpp.ma\/wp-content\/uploads\/2022\/02\/logo-fr.png","contentUrl":"https:\/\/ampcpp.ma\/wp-content\/uploads\/2022\/02\/logo-fr.png","width":360,"height":85},{"@type":"WebPage","@id":"https:\/\/ampcpp.ma\/fr\/#webpage","url":"https:\/\/ampcpp.ma\/fr\/","name":"Accueil - Association Marocaine Des Pr\u00e9sidents Des Conseils Pr\u00e9fectoraux Et Provinciaux","isPartOf":{"@id":"https:\/\/ampcpp.ma\/en\/#website"},"datePublished":"2021-01-05T00:37:51+00:00","dateModified":"2022-04-25T15:47:05+00:00","description":"Association Marocaine des Pr\u00e9sidents des Conseils des Pr\u00e9fectures et des Provinces","breadcrumb":{"@id":"https:\/\/ampcpp.ma\/fr\/#breadcrumb"},"inLanguage":"fr-FR","potentialAction":[{"@type":"ReadAction","target":["https:\/\/ampcpp.ma\/fr\/"]}]},{"@type":"BreadcrumbList","@id":"https:\/\/ampcpp.ma\/fr\/#breadcrumb","itemListElement":[{"@type":"ListItem","position":1,"name":"\u0627\u0644\u0631\u0626\u064a\u0633\u064a\u0629","item":"https:\/\/ampcpp.ma\/fr\/"},{"@type":"ListItem","position":2,"name":"Accueil"}]}]}},"_links":{"self":[{"href":"https:\/\/ampcpp.ma\/fr\/wp-json\/wp\/v2\/pages\/22"}],"collection":[{"href":"https:\/\/ampcpp.ma\/fr\/wp-json\/wp\/v2\/pages"}],"about":[{"href":"https:\/\/ampcpp.ma\/fr\/wp-json\/wp\/v2\/types\/page"}],"author":[{"embeddable":true,"href":"https:\/\/ampcpp.ma\/fr\/wp-json\/wp\/v2\/users\/1"}],"replies":[{"embeddable":true,"href":"https:\/\/ampcpp.ma\/fr\/wp-json\/wp\/v2\/comments?post=22"}],"version-history":[{"count":37,"href":"https:\/\/ampcpp.ma\/fr\/wp-json\/wp\/v2\/pages\/22\/revisions"}],"predecessor-version":[{"id":3914,"href":"https:\/\/ampcpp.ma\/fr\/wp-json\/wp\/v2\/pages\/22\/revisions\/3914"}],"wp:attachment":[{"href":"https:\/\/ampcpp.ma\/fr\/wp-json\/wp\/v2\/media?parent=22"}],"curies":[{"name":"wp","href":"https:\/\/api.w.org\/{rel}","templated":true}]}}