{"id":24,"date":"2021-01-05T00:38:38","date_gmt":"2021-01-05T00:38:38","guid":{"rendered":"http:\/\/ampcpp.com\/?page_id=24"},"modified":"2022-02-14T15:26:24","modified_gmt":"2022-02-14T15:26:24","slug":"presentation","status":"publish","type":"page","link":"https:\/\/ampcpp.ma\/fr\/lassociation\/presentation\/","title":{"rendered":"Pr\u00e9sentation"},"content":{"rendered":"<p>[vc_row][vc_column]<section class=\"presentation-intro\"><div class=\"presentation-hero\" style=\"background-image:url(https:\/\/ampcpp.ma\/wp-content\/uploads\/2022\/02\/IMG_4099-2.jpg)\"><\/div><div class=\"panel\">L\u2019Association Marocaine des Pr\u00e9sidents des Conseils des Pr\u00e9fectures et des Provinces est une Association qui a \u00e9t\u00e9 fond\u00e9e dans le cadre des dispositions du Dahir Royal N\u00b0 1.86.376, du 15 novembre 1958, tel que modifi\u00e9 et compl\u00e9t\u00e9 en mati\u00e8re de libert\u00e9s publiques. Ses membres sont les Pr\u00e9sidents des Conseils des Pr\u00e9fectures et des Provinces du Royaume du Maroc.<\/p>\n<p>L\u2019AMPCPP a \u00e9t\u00e9 institu\u00e9e \u00e0 l\u2019initiative des Pr\u00e9sidents le 28 janvier 2019, dans le but de cr\u00e9er une instance leur permettant de contribuer efficacement au renforcement du processus de d\u00e9centralisation administrative et de concr\u00e9tisation du chantier de la r\u00e9gionalisation avanc\u00e9e au Maroc, tout en renfor\u00e7ant la dynamique associative des Collectivit\u00e9s Territoriales marocaines.<\/div><h2>Objectifs et missions de l\u2019Association<\/h2><div class=\"paragraph\"><p>L\u2019Association Marocaine des Pr\u00e9sidents des Conseils des Pr\u00e9fectures et des Provinces \u0153uvre, en coordination avec les diff\u00e9rentes composantes du cadre institutionnel de la d\u00e9centralisation administrative au Maroc, pour servir de plate-forme repr\u00e9sentant les Pr\u00e9fectures et les Provinces et faciliter les rencontres et les \u00e9changes entre elles.<\/p>\n\n<p>Elle sert \u00e9galement d\u2019interlocuteur de l\u2019ensemble des acteurs du d\u00e9veloppement territorial au Maroc, ainsi que des partenaires nationaux et internationaux dans la perspective de promouvoir le d\u00e9veloppement territorial et la bonne gouvernance locale.<\/p><\/div><div class=\"presentation-slider\"><div class=\"presentation-slide\"><p>LA COORDINATION DES RELATIONS ET DE LA COOP\u00c9RATION ENTRE LES CONSEILS DES PR\u00c9FECTURES ET DES PROVINCES DU ROYAUME ET FAIRE CONNA\u00ceTRE LEURS R\u00c9ALISATIONS ;\n<\/p><\/div><div class=\"presentation-slide\"><p>LA PARTICIPATION \u00c0 L\u2019\u00c9LABORATION DES TEXTES L\u00c9GISLATIFS RELATIFS \u00c0 LA GESTION DES AFFAIRES DES COLLECTIVIT\u00c9S TERRITORIALES \u00c0 TRAVERS LES DIFF\u00c9RENTS CANAUX PARTICIPATIFS ;\n<\/p><\/div><div class=\"presentation-slide\"><p>LA DIFFUSION ET L\u2019OP\u00c9RATIONNALISATION DES CONCEPTS DE D\u00c9MOCRATIE LOCALE, AINSI QUE LA CONSOLIDATION DE LA D\u00c9CENTRALISATION ADMINISTRATIVE ;\n<\/p><\/div><div class=\"presentation-slide\"><p>REPR\u00c9SENTER ET SOUTENIR LES INSTANCES PR\u00c9FECTORALES ET PROVINCIALES \u00c9LUES AUPR\u00c8S DES POUVOIRS PUBLICS POUR TOUT CE QUI CONCERNE LES QUESTIONS SE RAPPORTANT \u00c0 CES COLLECTIVIT\u00c9S ;\n<\/p><\/div><div class=\"presentation-slide\"><p>EXPRIMER DES AVIS AU SUJET DES QUESTIONS LI\u00c9ES \u00c0 L'EXERCICE, PAR LES CONSEILS DES PR\u00c9FECTURES ET DES PROVINCES, DES COMP\u00c9TENCES QUI LEUR SONT CONF\u00c9R\u00c9ES PAR LA LOI ;\n<\/p><\/div><div class=\"presentation-slide\"><p>CR\u00c9ER DES LIENS DE SOLIDARIT\u00c9 ENTRE LES CONSEILS DES PR\u00c9FECTURES ET DES PROVINCES, D\u2019UNE PART, ET LES CONSEILS DES R\u00c9GIONS ET DES COMMUNES, D\u2019AUTRE PART ET CE, DANS LE CADRE DE LA COMPL\u00c9MENTARIT\u00c9 ET DU SOUTIEN R\u00c9CIPROQUE AFIN D\u2019ASSUMER LES RESPONSABILIT\u00c9S QUI LEUR INCOMBENT EN MATI\u00c8RE DE GESTION DES AFFAIRES LOCALES ;\n<\/p><\/div><div class=\"presentation-slide\"><p>COORDONNER LES POSITIONS DES CONSEILS DES PR\u00c9FECTURES ET DES PROVINCES AU NIVEAU DES FORUMS, DES CONF\u00c9RENCES ET DES ORGANISATIONS R\u00c9GIONALES ET INTERNATIONALES ET PROMOUVOIR LA PR\u00c9SENCE MAROCAINE AU SEIN DE CES INSTANCES ;\n<\/p><\/div><div class=\"presentation-slide\"><p>CONTRIBUER AU D\u00c9BAT JURIDIQUE, SOCIAL ET \u00c9CONOMIQUE VISANT LA CONSOLIDATION DU PROCESSUS DE D\u00c9CENTRALISATION ADMINISTRATIVE ET FAVORISANT LE D\u00c9VELOPPEMENT \u00c9CONOMIQUE ET SOCIAL ET L\u2019\u00c9QUIT\u00c9 TERRITORIALE ;\n<\/p><\/div><div class=\"presentation-slide\"><p>RECHERCHER L\u2019APPUI ET LES AIDES FINANCI\u00c8RES ET MAT\u00c9RIELLES, AUSSI BIEN AU MAROC QU\u2019\u00c0 L\u2019\u00c9TRANGER AU PROFIT DES CONSEILS DES PR\u00c9FECTURES ET DES PROVINCES ;\n<\/p><\/div><div class=\"presentation-slide\"><p>PROMOUVOIR LE PARTENARIAT ET LA COOP\u00c9RATION D\u00c9CENTRALIS\u00c9E NATIONALE ET INTERNATIONALE;\n<\/p><\/div><div class=\"presentation-slide\"><p>CONFORTER LE R\u00d4LE DES CONSEILS DES PR\u00c9FECTURES ET DES PROVINCES EN TANT QUE FACTEUR DE D\u00c9VELOPPEMENT \u00c9CONOMIQUE, SOCIAL ET CULTUREL ;\n<\/p><\/div><div class=\"presentation-slide\"><p>PROMOUVOIR LA PARTICIPATION DES FEMMES \u00c0 LA GESTION DES AFFAIRES PUBLIQUES TERRITORIALES DANS LE CADRE DU RESPECT DE L\u2019OBLIGATION DE LA PARIT\u00c9 HOMMES-FEMMES ;\n<\/p><\/div><\/div><\/section><section class=\"home-intro block-president\"><h3>Le Bureau Ex\u00e9cutif de l\u2019Association<\/h3><div class=\"panel\"><div class=\"panel-flex\"><div class=\"panel-flex__left\"><img src=\"https:\/\/ampcpp.ma\/wp-content\/uploads\/2022\/02\/\u0639\u0628\u062f-\u0627\u0644\u0639\u0632\u064a\u0632-\u0627\u0644\u062f\u0631\u0648\u064a\u0634.jpg\" alt=\"\"\/><footer><h4>M. Abdelaziz DEROUICHE<\/h4><p>Pr\u00e9sident du Conseil Pr\u00e9fectoral de Rabat Le pr\u00e9sident de l\u2019association<\/p><\/footer><\/div><div class=\"panel-flex__right\"><article class=\"content\"><\/p>\n<p>L\u2019Association Marocaine des Pr\u00e9sidents des Conseils des Pr\u00e9fectures et des Provinces est pr\u00e9sid\u00e9e par M. Abdelaziz\u00a0\u00a0DEROUICHE ; l\u2019actuel Pr\u00e9sident du Conseil Pr\u00e9fectoral de Rabat.<\/p>\n<p>&nbsp;<\/p>\n<p><\/article><\/div><\/div><\/div><p>Le Bureau de l\u2019Association est compos\u00e9 de dix-sept (17) membres \u00e9lus par l\u2019Assembl\u00e9e G\u00e9n\u00e9rale, dont le Pr\u00e9sident et un Vice-Pr\u00e9sident, issu de chacune des douze R\u00e9gions, ainsi que quatre (4) assistants d\u00e9sign\u00e9s par le Bureau pour assumer les missions suivantes :<\/p><div class=\"posts\"><div>Secr\u00e9taire g\u00e9n\u00e9ral de l\u2019association<\/div><div>Secr\u00e9taire g\u00e9n\u00e9ral adjoint de l\u2019Association<\/div><div>Tr\u00e9sorier<\/div><div>Tr\u00e9sorier adjoint<\/div><\/div><\/section>[\/vc_column][\/vc_row]<\/p>\n","protected":false},"excerpt":{"rendered":"<p>[vc_row][vc_column][\/vc_column][\/vc_row]<\/p>\n","protected":false},"author":1,"featured_media":0,"parent":36,"menu_order":1,"comment_status":"closed","ping_status":"closed","template":"","meta":[],"yoast_head":"<!-- This site is optimized with the Yoast SEO plugin v18.1 - https:\/\/yoast.com\/wordpress\/plugins\/seo\/ -->\n<title>Pr\u00e9sentation - Association Marocaine Des Pr\u00e9sidents Des Conseils Pr\u00e9fectoraux Et Provinciaux<\/title>\n<meta name=\"robots\" content=\"index, follow, max-snippet:-1, max-image-preview:large, max-video-preview:-1\" \/>\n<link rel=\"canonical\" href=\"https:\/\/ampcpp.ma\/fr\/lassociation\/presentation\/\" \/>\n<meta property=\"og:locale\" content=\"fr_FR\" \/>\n<meta property=\"og:type\" content=\"article\" \/>\n<meta property=\"og:title\" content=\"Pr\u00e9sentation - Association Marocaine Des Pr\u00e9sidents Des Conseils Pr\u00e9fectoraux Et Provinciaux\" \/>\n<meta property=\"og:description\" content=\"[vc_row][vc_column][\/vc_column][\/vc_row]\" \/>\n<meta property=\"og:url\" content=\"https:\/\/ampcpp.ma\/fr\/lassociation\/presentation\/\" \/>\n<meta property=\"og:site_name\" content=\"Association Marocaine Des Pr\u00e9sidents Des Conseils Pr\u00e9fectoraux Et Provinciaux\" \/>\n<meta property=\"article:modified_time\" content=\"2022-02-14T15:26:24+00:00\" \/>\n<meta name=\"twitter:card\" content=\"summary_large_image\" \/>\n<meta name=\"twitter:label1\" content=\"Dur\u00e9e de lecture estim\u00e9e\" \/>\n\t<meta name=\"twitter:data1\" content=\"5 minutes\" \/>\n<script type=\"application\/ld+json\" class=\"yoast-schema-graph\">{\"@context\":\"https:\/\/schema.org\",\"@graph\":[{\"@type\":\"WebSite\",\"@id\":\"https:\/\/ampcpp.ma\/en\/#website\",\"url\":\"https:\/\/ampcpp.ma\/en\/\",\"name\":\"Association Marocaine Des Pr\u00e9sidents Des Conseils Pr\u00e9fectoraux Et Provinciaux\",\"description\":\"L&#039;union fait la force\",\"potentialAction\":[{\"@type\":\"SearchAction\",\"target\":{\"@type\":\"EntryPoint\",\"urlTemplate\":\"https:\/\/ampcpp.ma\/en\/?s={search_term_string}\"},\"query-input\":\"required name=search_term_string\"}],\"inLanguage\":\"fr-FR\"},{\"@type\":\"WebPage\",\"@id\":\"https:\/\/ampcpp.ma\/fr\/lassociation\/presentation\/#webpage\",\"url\":\"https:\/\/ampcpp.ma\/fr\/lassociation\/presentation\/\",\"name\":\"Pr\u00e9sentation - Association Marocaine Des Pr\u00e9sidents Des Conseils Pr\u00e9fectoraux Et Provinciaux\",\"isPartOf\":{\"@id\":\"https:\/\/ampcpp.ma\/en\/#website\"},\"datePublished\":\"2021-01-05T00:38:38+00:00\",\"dateModified\":\"2022-02-14T15:26:24+00:00\",\"breadcrumb\":{\"@id\":\"https:\/\/ampcpp.ma\/fr\/lassociation\/presentation\/#breadcrumb\"},\"inLanguage\":\"fr-FR\",\"potentialAction\":[{\"@type\":\"ReadAction\",\"target\":[\"https:\/\/ampcpp.ma\/fr\/lassociation\/presentation\/\"]}]},{\"@type\":\"BreadcrumbList\",\"@id\":\"https:\/\/ampcpp.ma\/fr\/lassociation\/presentation\/#breadcrumb\",\"itemListElement\":[{\"@type\":\"ListItem\",\"position\":1,\"name\":\"\u0627\u0644\u0631\u0626\u064a\u0633\u064a\u0629\",\"item\":\"https:\/\/ampcpp.ma\/fr\/\"},{\"@type\":\"ListItem\",\"position\":2,\"name\":\"L\u2019association\",\"item\":\"https:\/\/ampcpp.ma\/fr\/lassociation\/\"},{\"@type\":\"ListItem\",\"position\":3,\"name\":\"Pr\u00e9sentation\"}]}]}<\/script>\n<!-- \/ Yoast SEO plugin. -->","yoast_head_json":{"title":"Pr\u00e9sentation - Association Marocaine Des Pr\u00e9sidents Des Conseils Pr\u00e9fectoraux Et Provinciaux","robots":{"index":"index","follow":"follow","max-snippet":"max-snippet:-1","max-image-preview":"max-image-preview:large","max-video-preview":"max-video-preview:-1"},"canonical":"https:\/\/ampcpp.ma\/fr\/lassociation\/presentation\/","og_locale":"fr_FR","og_type":"article","og_title":"Pr\u00e9sentation - Association Marocaine Des Pr\u00e9sidents Des Conseils Pr\u00e9fectoraux Et Provinciaux","og_description":"[vc_row][vc_column][\/vc_column][\/vc_row]","og_url":"https:\/\/ampcpp.ma\/fr\/lassociation\/presentation\/","og_site_name":"Association Marocaine Des Pr\u00e9sidents Des Conseils Pr\u00e9fectoraux Et Provinciaux","article_modified_time":"2022-02-14T15:26:24+00:00","twitter_card":"summary_large_image","twitter_misc":{"Dur\u00e9e de lecture estim\u00e9e":"5 minutes"},"schema":{"@context":"https:\/\/schema.org","@graph":[{"@type":"WebSite","@id":"https:\/\/ampcpp.ma\/en\/#website","url":"https:\/\/ampcpp.ma\/en\/","name":"Association Marocaine Des Pr\u00e9sidents Des Conseils Pr\u00e9fectoraux Et Provinciaux","description":"L&#039;union fait la force","potentialAction":[{"@type":"SearchAction","target":{"@type":"EntryPoint","urlTemplate":"https:\/\/ampcpp.ma\/en\/?s={search_term_string}"},"query-input":"required name=search_term_string"}],"inLanguage":"fr-FR"},{"@type":"WebPage","@id":"https:\/\/ampcpp.ma\/fr\/lassociation\/presentation\/#webpage","url":"https:\/\/ampcpp.ma\/fr\/lassociation\/presentation\/","name":"Pr\u00e9sentation - Association Marocaine Des Pr\u00e9sidents Des Conseils Pr\u00e9fectoraux Et Provinciaux","isPartOf":{"@id":"https:\/\/ampcpp.ma\/en\/#website"},"datePublished":"2021-01-05T00:38:38+00:00","dateModified":"2022-02-14T15:26:24+00:00","breadcrumb":{"@id":"https:\/\/ampcpp.ma\/fr\/lassociation\/presentation\/#breadcrumb"},"inLanguage":"fr-FR","potentialAction":[{"@type":"ReadAction","target":["https:\/\/ampcpp.ma\/fr\/lassociation\/presentation\/"]}]},{"@type":"BreadcrumbList","@id":"https:\/\/ampcpp.ma\/fr\/lassociation\/presentation\/#breadcrumb","itemListElement":[{"@type":"ListItem","position":1,"name":"\u0627\u0644\u0631\u0626\u064a\u0633\u064a\u0629","item":"https:\/\/ampcpp.ma\/fr\/"},{"@type":"ListItem","position":2,"name":"L\u2019association","item":"https:\/\/ampcpp.ma\/fr\/lassociation\/"},{"@type":"ListItem","position":3,"name":"Pr\u00e9sentation"}]}]}},"_links":{"self":[{"href":"https:\/\/ampcpp.ma\/fr\/wp-json\/wp\/v2\/pages\/24"}],"collection":[{"href":"https:\/\/ampcpp.ma\/fr\/wp-json\/wp\/v2\/pages"}],"about":[{"href":"https:\/\/ampcpp.ma\/fr\/wp-json\/wp\/v2\/types\/page"}],"author":[{"embeddable":true,"href":"https:\/\/ampcpp.ma\/fr\/wp-json\/wp\/v2\/users\/1"}],"replies":[{"embeddable":true,"href":"https:\/\/ampcpp.ma\/fr\/wp-json\/wp\/v2\/comments?post=24"}],"version-history":[{"count":10,"href":"https:\/\/ampcpp.ma\/fr\/wp-json\/wp\/v2\/pages\/24\/revisions"}],"predecessor-version":[{"id":3372,"href":"https:\/\/ampcpp.ma\/fr\/wp-json\/wp\/v2\/pages\/24\/revisions\/3372"}],"up":[{"embeddable":true,"href":"https:\/\/ampcpp.ma\/fr\/wp-json\/wp\/v2\/pages\/36"}],"wp:attachment":[{"href":"https:\/\/ampcpp.ma\/fr\/wp-json\/wp\/v2\/media?parent=24"}],"curies":[{"name":"wp","href":"https:\/\/api.w.org\/{rel}","templated":true}]}}