{"id":26,"date":"2021-01-05T00:39:01","date_gmt":"2021-01-05T00:39:01","guid":{"rendered":"http:\/\/ampcpp.com\/?page_id=26"},"modified":"2021-05-05T00:25:44","modified_gmt":"2021-05-05T00:25:44","slug":"reunions-de-bureau","status":"publish","type":"page","link":"https:\/\/ampcpp.ma\/fr\/lassociation\/reunions-de-bureau\/","title":{"rendered":"R\u00e9unions de bureau"},"content":{"rendered":"<p>[vc_row][vc_column]<section class=\"photos-videos\"><h1>R\u00e9unions de bureau<\/h1><div class=\"filter-bureau\"><label for=\"filter\">Ann\u00e9e :<\/label><select id=\"filter-bureau\" name=\"year\"><option selected value=\"*\" >Tous<\/option><option value=\"2020\">2020<\/option><option value=\"2019\">2019<\/option><\/select><\/div><div class=\"photos-videos-wrapper\"><article class=\"panel panel-post\" data-year=\"2020\"><a href=\"https:\/\/ampcpp.ma\/fr\/?post_type=post&p=750\"><div class=\"cover \"><img src=\" https:\/\/ampcpp.ma\/wp-content\/uploads\/2021\/01\/IMG-20190427-WA0016-627x376_72a033d9298759d34f7fab766d314a3f.jpg \" ><\/div><h2>R\u00e9union du Bureau Ex\u00e9cutif de l\u2019Association au Centre d\u2019accueil et de conf\u00e9rences de l\u2019Universit\u00e9 Al Akhawayn, Ifrane 07 mars 2019<\/h2><p class=\"date\">Oct 08, 2020<\/p><\/a><\/article><article class=\"panel panel-post\" data-year=\"2020\"><a href=\"https:\/\/ampcpp.ma\/fr\/?post_type=post&p=754\"><div class=\"cover  has-placeholder \"><img src=\" https:\/\/ampcpp.ma\/wp-content\/themes\/ampcpp\/images\/placeholder.svg \" ><\/div><h2>R\u00e9union du Bureau Ex\u00e9cutif de l\u2019Association au Royal Nautique Club du Bouregreg \u2013  Sal\u00e9 le 27 avril 2019<\/h2><p class=\"date\">Oct 08, 2020<\/p><\/a><\/article><article class=\"panel panel-post\" data-year=\"2019\"><a href=\"https:\/\/ampcpp.ma\/fr\/?post_type=post&p=746\"><div class=\"cover \"><img src=\" https:\/\/ampcpp.ma\/wp-content\/uploads\/2021\/01\/ij_83c4d9b6f2517734b0fbb124ea079acc-1.jpg \" ><\/div><h2>R\u00e9union du Bureau Ex\u00e9cutif de l\u2019Association H\u00f4tel The View \u2013 lundi 28 janvier 2019<\/h2><p class=\"date\">Jan 28, 2019<\/p><\/a><\/article><\/div><\/section>[\/vc_column][\/vc_row]<\/p>\n","protected":false},"excerpt":{"rendered":"<p>[vc_row][vc_column][\/vc_column][\/vc_row]<\/p>\n","protected":false},"author":1,"featured_media":0,"parent":36,"menu_order":4,"comment_status":"closed","ping_status":"closed","template":"","meta":[],"yoast_head":"<!-- This site is optimized with the Yoast SEO plugin v18.1 - https:\/\/yoast.com\/wordpress\/plugins\/seo\/ -->\n<title>R\u00e9unions de bureau - Association Marocaine Des Pr\u00e9sidents Des Conseils Pr\u00e9fectoraux Et Provinciaux<\/title>\n<meta name=\"robots\" content=\"index, follow, max-snippet:-1, max-image-preview:large, max-video-preview:-1\" \/>\n<link rel=\"canonical\" href=\"https:\/\/ampcpp.ma\/fr\/lassociation\/reunions-de-bureau\/\" \/>\n<meta property=\"og:locale\" content=\"fr_FR\" \/>\n<meta property=\"og:type\" content=\"article\" \/>\n<meta property=\"og:title\" content=\"R\u00e9unions de bureau - Association Marocaine Des Pr\u00e9sidents Des Conseils Pr\u00e9fectoraux Et Provinciaux\" \/>\n<meta property=\"og:description\" content=\"[vc_row][vc_column][\/vc_column][\/vc_row]\" \/>\n<meta property=\"og:url\" content=\"https:\/\/ampcpp.ma\/fr\/lassociation\/reunions-de-bureau\/\" \/>\n<meta property=\"og:site_name\" content=\"Association Marocaine Des Pr\u00e9sidents Des Conseils Pr\u00e9fectoraux Et Provinciaux\" \/>\n<meta property=\"article:modified_time\" content=\"2021-05-05T00:25:44+00:00\" \/>\n<meta name=\"twitter:card\" content=\"summary_large_image\" \/>\n<script type=\"application\/ld+json\" class=\"yoast-schema-graph\">{\"@context\":\"https:\/\/schema.org\",\"@graph\":[{\"@type\":\"WebSite\",\"@id\":\"https:\/\/ampcpp.ma\/en\/#website\",\"url\":\"https:\/\/ampcpp.ma\/en\/\",\"name\":\"Association Marocaine Des Pr\u00e9sidents Des Conseils Pr\u00e9fectoraux Et Provinciaux\",\"description\":\"L&#039;union fait la force\",\"potentialAction\":[{\"@type\":\"SearchAction\",\"target\":{\"@type\":\"EntryPoint\",\"urlTemplate\":\"https:\/\/ampcpp.ma\/en\/?s={search_term_string}\"},\"query-input\":\"required name=search_term_string\"}],\"inLanguage\":\"fr-FR\"},{\"@type\":\"WebPage\",\"@id\":\"https:\/\/ampcpp.ma\/fr\/lassociation\/reunions-de-bureau\/#webpage\",\"url\":\"https:\/\/ampcpp.ma\/fr\/lassociation\/reunions-de-bureau\/\",\"name\":\"R\u00e9unions de bureau - Association Marocaine Des Pr\u00e9sidents Des Conseils Pr\u00e9fectoraux Et Provinciaux\",\"isPartOf\":{\"@id\":\"https:\/\/ampcpp.ma\/en\/#website\"},\"datePublished\":\"2021-01-05T00:39:01+00:00\",\"dateModified\":\"2021-05-05T00:25:44+00:00\",\"breadcrumb\":{\"@id\":\"https:\/\/ampcpp.ma\/fr\/lassociation\/reunions-de-bureau\/#breadcrumb\"},\"inLanguage\":\"fr-FR\",\"potentialAction\":[{\"@type\":\"ReadAction\",\"target\":[\"https:\/\/ampcpp.ma\/fr\/lassociation\/reunions-de-bureau\/\"]}]},{\"@type\":\"BreadcrumbList\",\"@id\":\"https:\/\/ampcpp.ma\/fr\/lassociation\/reunions-de-bureau\/#breadcrumb\",\"itemListElement\":[{\"@type\":\"ListItem\",\"position\":1,\"name\":\"\u0627\u0644\u0631\u0626\u064a\u0633\u064a\u0629\",\"item\":\"https:\/\/ampcpp.ma\/fr\/\"},{\"@type\":\"ListItem\",\"position\":2,\"name\":\"L\u2019association\",\"item\":\"https:\/\/ampcpp.ma\/fr\/lassociation\/\"},{\"@type\":\"ListItem\",\"position\":3,\"name\":\"R\u00e9unions de bureau\"}]}]}<\/script>\n<!-- \/ Yoast SEO plugin. -->","yoast_head_json":{"title":"R\u00e9unions de bureau - Association Marocaine Des Pr\u00e9sidents Des Conseils Pr\u00e9fectoraux Et Provinciaux","robots":{"index":"index","follow":"follow","max-snippet":"max-snippet:-1","max-image-preview":"max-image-preview:large","max-video-preview":"max-video-preview:-1"},"canonical":"https:\/\/ampcpp.ma\/fr\/lassociation\/reunions-de-bureau\/","og_locale":"fr_FR","og_type":"article","og_title":"R\u00e9unions de bureau - Association Marocaine Des Pr\u00e9sidents Des Conseils Pr\u00e9fectoraux Et Provinciaux","og_description":"[vc_row][vc_column][\/vc_column][\/vc_row]","og_url":"https:\/\/ampcpp.ma\/fr\/lassociation\/reunions-de-bureau\/","og_site_name":"Association Marocaine Des Pr\u00e9sidents Des Conseils Pr\u00e9fectoraux Et Provinciaux","article_modified_time":"2021-05-05T00:25:44+00:00","twitter_card":"summary_large_image","schema":{"@context":"https:\/\/schema.org","@graph":[{"@type":"WebSite","@id":"https:\/\/ampcpp.ma\/en\/#website","url":"https:\/\/ampcpp.ma\/en\/","name":"Association Marocaine Des Pr\u00e9sidents Des Conseils Pr\u00e9fectoraux Et Provinciaux","description":"L&#039;union fait la force","potentialAction":[{"@type":"SearchAction","target":{"@type":"EntryPoint","urlTemplate":"https:\/\/ampcpp.ma\/en\/?s={search_term_string}"},"query-input":"required name=search_term_string"}],"inLanguage":"fr-FR"},{"@type":"WebPage","@id":"https:\/\/ampcpp.ma\/fr\/lassociation\/reunions-de-bureau\/#webpage","url":"https:\/\/ampcpp.ma\/fr\/lassociation\/reunions-de-bureau\/","name":"R\u00e9unions de bureau - Association Marocaine Des Pr\u00e9sidents Des Conseils Pr\u00e9fectoraux Et Provinciaux","isPartOf":{"@id":"https:\/\/ampcpp.ma\/en\/#website"},"datePublished":"2021-01-05T00:39:01+00:00","dateModified":"2021-05-05T00:25:44+00:00","breadcrumb":{"@id":"https:\/\/ampcpp.ma\/fr\/lassociation\/reunions-de-bureau\/#breadcrumb"},"inLanguage":"fr-FR","potentialAction":[{"@type":"ReadAction","target":["https:\/\/ampcpp.ma\/fr\/lassociation\/reunions-de-bureau\/"]}]},{"@type":"BreadcrumbList","@id":"https:\/\/ampcpp.ma\/fr\/lassociation\/reunions-de-bureau\/#breadcrumb","itemListElement":[{"@type":"ListItem","position":1,"name":"\u0627\u0644\u0631\u0626\u064a\u0633\u064a\u0629","item":"https:\/\/ampcpp.ma\/fr\/"},{"@type":"ListItem","position":2,"name":"L\u2019association","item":"https:\/\/ampcpp.ma\/fr\/lassociation\/"},{"@type":"ListItem","position":3,"name":"R\u00e9unions de bureau"}]}]}},"_links":{"self":[{"href":"https:\/\/ampcpp.ma\/fr\/wp-json\/wp\/v2\/pages\/26"}],"collection":[{"href":"https:\/\/ampcpp.ma\/fr\/wp-json\/wp\/v2\/pages"}],"about":[{"href":"https:\/\/ampcpp.ma\/fr\/wp-json\/wp\/v2\/types\/page"}],"author":[{"embeddable":true,"href":"https:\/\/ampcpp.ma\/fr\/wp-json\/wp\/v2\/users\/1"}],"replies":[{"embeddable":true,"href":"https:\/\/ampcpp.ma\/fr\/wp-json\/wp\/v2\/comments?post=26"}],"version-history":[{"count":3,"href":"https:\/\/ampcpp.ma\/fr\/wp-json\/wp\/v2\/pages\/26\/revisions"}],"predecessor-version":[{"id":1111,"href":"https:\/\/ampcpp.ma\/fr\/wp-json\/wp\/v2\/pages\/26\/revisions\/1111"}],"up":[{"embeddable":true,"href":"https:\/\/ampcpp.ma\/fr\/wp-json\/wp\/v2\/pages\/36"}],"wp:attachment":[{"href":"https:\/\/ampcpp.ma\/fr\/wp-json\/wp\/v2\/media?parent=26"}],"curies":[{"name":"wp","href":"https:\/\/api.w.org\/{rel}","templated":true}]}}