{"id":30,"date":"2021-01-05T00:39:45","date_gmt":"2021-01-05T00:39:45","guid":{"rendered":"http:\/\/ampcpp.com\/?page_id=30"},"modified":"2026-01-13T11:04:48","modified_gmt":"2026-01-13T11:04:48","slug":"membres-de-lassociation","status":"publish","type":"page","link":"https:\/\/ampcpp.ma\/fr\/lassociation\/membres-de-lassociation\/","title":{"rendered":"Membres du bureau de l\u2019association"},"content":{"rendered":"<p>[vc_row][vc_column]<section class=\"presentation-members\"><h1>Les membres du Bureau de l\u2019association<\/h1><div class=\"members\"><div class=\"member\"><img src=\"https:\/\/ampcpp.ma\/wp-content\/uploads\/2023\/09\/WhatsApp-Image-2023-09-27-at-13.22.11-2.jpeg\"><h2>Abdelaziz DEROUICHE<\/h2><p class=\"post\">Pr\u00e9sident du Conseil pr\u00e9fectoral de Rabat<\/p><p class=\"sub-title\">Pr\u00e9sident<\/p><\/div><div class=\"member\"><img src=\"https:\/\/ampcpp.ma\/wp-content\/uploads\/2022\/02\/\u0646\u0648\u0631-\u0627\u0644\u062f\u064a\u0646-\u0627\u0644\u0623\u0632\u0631\u0642-1.jpg\"><h2>Noureddine Lazrek<\/h2><p class=\"post\">Pr\u00e9sident du Conseil pr\u00e9fectoral de Sale<\/p><p class=\"sub-title\">1er Vice-pr\u00e9sident<\/p><\/div><div class=\"member\"><img src=\"https:\/\/ampcpp.ma\/wp-content\/uploads\/2025\/03\/boudraa.jpg\"><h2>Abdelkader Boudraa<\/h2><p class=\"post\">Pr\u00e9sident du Conseil pr\u00e9fectoral de Casablanca<\/p><p class=\"sub-title\">2\u00e9me Vice-pr\u00e9sident<\/p><\/div><div class=\"member\"><img src=\"https:\/\/ampcpp.ma\/wp-content\/uploads\/2022\/02\/\u0645\u0648\u0644\u0648\u062f-\u0639\u0644\u0648\u0627\u062a.jpg\"><h2>Mouloud Alouat<\/h2><p class=\"post\">Pr\u00e9sident du Conseil provincial de Laayoune<\/p><p class=\"sub-title\">3\u00e8me Vice-pr\u00e9sident<\/p><\/div><div class=\"member\"><img src=\"https:\/\/ampcpp.ma\/wp-content\/uploads\/2022\/02\/\u0644\u062d\u0633\u0646-\u0628\u0644\u0641\u0642\u064a\u0647-\u0633\u064a\u062f\u064a-\u0627\u0641\u0646\u064a-\u0627\u0644\u0646\u0627\u0626\u0628-\u0627\u0644\u0631\u0627\u0628\u0639.jpg\"><h2>LAHSSEN BALFQIH<\/h2><p class=\"post\">Pr\u00e9sident du Conseil provincial de Sidi ifni<\/p><p class=\"sub-title\">4\u00e8me Vice-pr\u00e9sident<\/p><\/div><div class=\"member\"><img src=\"https:\/\/ampcpp.ma\/wp-content\/uploads\/2022\/02\/\u062c\u0648\u0627\u062f-\u0627\u0644\u062f\u0648\u0627\u062d\u064a-\u0645\u0648\u0644\u0627\u064a-\u064a\u0639\u0642\u0648\u0628-\u0627\u0644\u0646\u0627\u0626\u0628-\u0627\u0644\u062e\u0627\u0645\u0633.jpg\"><h2>Jawad Al-Dawahi<\/h2><p class=\"post\">Pr\u00e9sident du Conseil provincial de Moulay Yacoub<\/p><p class=\"sub-title\">5\u00e8me Vice-pr\u00e9sident<\/p><\/div><\/div><div class=\"members\"><div class=\"member\"><img src=\"https:\/\/ampcpp.ma\/wp-content\/uploads\/2022\/02\/\u0645\u062d\u0645\u062f-\u0642\u0627\u0633\u0645\u064a-\u062e\u0631\u064a\u0628\u0643\u0629-\u0627\u0644\u0646\u0627\u0626\u0628-\u0627\u0644\u0633\u0627\u062f\u0633.jpg\"><h2>Mohammed Kasmi <\/h2><p class=\"post\">Pr\u00e9sident du Conseil provincial de Khouribga<\/p><p class=\"sub-title\">6\u00e8me Vice-pr\u00e9sident<\/p><\/div><div class=\"member\"><img src=\"https:\/\/ampcpp.ma\/wp-content\/uploads\/2022\/02\/\u0644\u062d\u0633\u0646-\u0632\u0644\u0645\u0637-\u0635\u0641\u0631\u0648-\u0627\u0644\u0646\u0627\u0626\u0628-\u0627\u0644\u0633\u0627\u0628\u0639.jpg\"><h2>lahssen zelmat<\/h2><p class=\"post\">Pr\u00e9sident du Conseil provincial de Sefrou<\/p><p class=\"sub-title\">7\u00e8me Vice-pr\u00e9sident<\/p><\/div><div class=\"member\"><img src=\"https:\/\/ampcpp.ma\/wp-content\/uploads\/2026\/01\/HAMMIA-150x150-1.jpg\"><h2>Mohamed Salem Hammia<\/h2><p class=\"post\">pr\u00e9sident du Conseil provincial d\u2019Oued Eddahab<\/p><p class=\"sub-title\">8\u00e8me vice pr\u00e9sident<\/p><\/div><div class=\"member\"><img src=\"https:\/\/ampcpp.ma\/wp-content\/uploads\/2022\/02\/\u0645\u062d\u0645\u062f-\u0627\u0644\u0634\u064a\u062e-\u0628\u0644\u0627-1.jpg\"><h2>Mohammed CHEIKH bla<\/h2><p class=\"post\">Pr\u00e9sident du Conseil provincial de Tiznit<\/p><p class=\"sub-title\">9\u00e8me Vice-pr\u00e9sident<\/p><\/div><div class=\"member\"><img src=\"https:\/\/ampcpp.ma\/wp-content\/uploads\/2022\/02\/\u0645\u062d\u0645\u062f-\u062c\u0644\u0648\u0644-\u0628\u0631\u0643\u0627\u0646-\u0627\u0644\u0646\u0627\u0626\u0628-\u0627\u0644\u0639\u0627\u0634\u0631.jpg\"><h2>Mohamed Jalloul<\/h2><p class=\"post\">Pr\u00e9sident du Conseil provincial de Berkane<\/p><p class=\"sub-title\">10\u00e8me Vice-pr\u00e9sident<\/p><\/div><div class=\"member\"><img src=\"https:\/\/ampcpp.ma\/wp-content\/uploads\/2022\/02\/\u0627\u0639\u062a\u0645\u0627\u062f-\u0627\u0644\u0632\u0647\u064a\u062f\u064a-\u0627\u0644\u0635\u062e\u064a\u0631\u0627\u062a-\u062a\u0645\u0627\u0631\u0629-\u0627\u0644\u0646\u0627\u0626\u0628\u0629-11.jpg\"><h2>Etimad Al-Zahidi<\/h2><p class=\"post\">Pr\u00e9sident du Conseil pr\u00e9fectoral de Skhirat-Temara<\/p><p class=\"sub-title\">11\u00e8me Vice-pr\u00e9sident<\/p><\/div><\/div><div class=\"members\"><div class=\"member\"><img src=\"https:\/\/ampcpp.ma\/wp-content\/uploads\/2022\/02\/\u0639\u0628\u062f-\u0627\u0644\u0644\u0647-\u0643\u0627\u0631\u064a\u0645.jpg\"><h2>Abdallah Karim<\/h2><p class=\"post\">Pr\u00e9sident du Conseil provincial de Safi<\/p><p class=\"sub-title\">12\u00e8me Vice-pr\u00e9sident<\/p><\/div><div class=\"member\"><img src=\"https:\/\/ampcpp.ma\/wp-content\/uploads\/2022\/02\/\u062d\u0645\u0632\u0629-\u0627\u062f-\u0645\u0648\u0633\u0649-\u0627\u0644\u062d\u0648\u0632-\u0627\u0644\u0643\u0627\u062a\u0628-\u0627\u0644\u0639\u0627\u0645.jpg\"><h2>Hamza Ed Moussa<\/h2><p class=\"post\">Pr\u00e9sident du Conseil provincial de Al Haouz<\/p><p class=\"sub-title\">Secr\u00e9taire- g\u00e9n\u00e9ral<\/p><\/div><div class=\"member\"><img src=\"https:\/\/ampcpp.ma\/wp-content\/uploads\/2022\/02\/\u0627\u0628\u0631\u0627\u0647\u064a\u0645-\u0628\u0646\u0635\u0628\u064a\u062d.jpg\"><h2>Ibrahim Bensbeeh<\/h2><p class=\"post\">Pr\u00e9sident du Conseil provincial de Tetouan<\/p><p class=\"sub-title\">Secr\u00e9taire-G\u00e9n\u00e9ral adjoint<\/p><\/div><div class=\"member\"><img src=\"https:\/\/ampcpp.ma\/wp-content\/uploads\/2026\/01\/Aoussar.jpg\"><h2>Messaoud Aoussar<\/h2><p class=\"post\">Pr\u00e9sident du Conseil provincial de Settat<\/p><p class=\"sub-title\">Tr\u00e9sorier<\/p><\/div><div class=\"member\"><img src=\"https:\/\/ampcpp.ma\/wp-content\/uploads\/2022\/02\/\u0627\u0644\u0648\u0631\u062f\u064a-\u0628\u0648\u0634\u0631\u0649-\u0627\u0644\u062e\u0645\u064a\u0633\u0627\u062a-\u0646\u0627\u0626\u0628\u0629-\u0627\u0645\u064a\u0646-\u0627\u0644\u0645\u0627\u0644.jpg\"><h2>Bouchra al-wardi<\/h2><p class=\"post\">Pr\u00e9sident du Conseil provincial de Khemisset<\/p><p class=\"sub-title\">Vice-Tr\u00e9sorier<\/p><\/div><\/div><\/section>[\/vc_column][\/vc_row]<\/p>\n","protected":false},"excerpt":{"rendered":"<p>[vc_row][vc_column][\/vc_column][\/vc_row]<\/p>\n","protected":false},"author":1,"featured_media":0,"parent":36,"menu_order":2,"comment_status":"closed","ping_status":"closed","template":"","meta":[],"yoast_head":"<!-- This site is optimized with the Yoast SEO plugin v18.1 - https:\/\/yoast.com\/wordpress\/plugins\/seo\/ -->\n<title>Membres du bureau de l\u2019association - Association Marocaine Des Pr\u00e9sidents Des Conseils Pr\u00e9fectoraux Et Provinciaux<\/title>\n<meta name=\"robots\" content=\"index, follow, max-snippet:-1, max-image-preview:large, max-video-preview:-1\" \/>\n<link rel=\"canonical\" href=\"https:\/\/ampcpp.ma\/fr\/lassociation\/membres-de-lassociation\/\" \/>\n<meta property=\"og:locale\" content=\"fr_FR\" \/>\n<meta property=\"og:type\" content=\"article\" \/>\n<meta property=\"og:title\" content=\"Membres du bureau de l\u2019association - Association Marocaine Des Pr\u00e9sidents Des Conseils Pr\u00e9fectoraux Et Provinciaux\" \/>\n<meta property=\"og:description\" content=\"[vc_row][vc_column][\/vc_column][\/vc_row]\" \/>\n<meta property=\"og:url\" content=\"https:\/\/ampcpp.ma\/fr\/lassociation\/membres-de-lassociation\/\" \/>\n<meta property=\"og:site_name\" content=\"Association Marocaine Des Pr\u00e9sidents Des Conseils Pr\u00e9fectoraux Et Provinciaux\" \/>\n<meta property=\"article:modified_time\" content=\"2026-01-13T11:04:48+00:00\" \/>\n<meta name=\"twitter:card\" content=\"summary_large_image\" \/>\n<meta name=\"twitter:label1\" content=\"Dur\u00e9e de lecture estim\u00e9e\" \/>\n\t<meta name=\"twitter:data1\" content=\"1 minute\" \/>\n<script type=\"application\/ld+json\" class=\"yoast-schema-graph\">{\"@context\":\"https:\/\/schema.org\",\"@graph\":[{\"@type\":\"WebSite\",\"@id\":\"https:\/\/ampcpp.ma\/en\/#website\",\"url\":\"https:\/\/ampcpp.ma\/en\/\",\"name\":\"Association Marocaine Des Pr\u00e9sidents Des Conseils Pr\u00e9fectoraux Et Provinciaux\",\"description\":\"L&#039;union fait la force\",\"potentialAction\":[{\"@type\":\"SearchAction\",\"target\":{\"@type\":\"EntryPoint\",\"urlTemplate\":\"https:\/\/ampcpp.ma\/en\/?s={search_term_string}\"},\"query-input\":\"required name=search_term_string\"}],\"inLanguage\":\"fr-FR\"},{\"@type\":\"WebPage\",\"@id\":\"https:\/\/ampcpp.ma\/fr\/lassociation\/membres-de-lassociation\/#webpage\",\"url\":\"https:\/\/ampcpp.ma\/fr\/lassociation\/membres-de-lassociation\/\",\"name\":\"Membres du bureau de l\u2019association - Association Marocaine Des Pr\u00e9sidents Des Conseils Pr\u00e9fectoraux Et Provinciaux\",\"isPartOf\":{\"@id\":\"https:\/\/ampcpp.ma\/en\/#website\"},\"datePublished\":\"2021-01-05T00:39:45+00:00\",\"dateModified\":\"2026-01-13T11:04:48+00:00\",\"breadcrumb\":{\"@id\":\"https:\/\/ampcpp.ma\/fr\/lassociation\/membres-de-lassociation\/#breadcrumb\"},\"inLanguage\":\"fr-FR\",\"potentialAction\":[{\"@type\":\"ReadAction\",\"target\":[\"https:\/\/ampcpp.ma\/fr\/lassociation\/membres-de-lassociation\/\"]}]},{\"@type\":\"BreadcrumbList\",\"@id\":\"https:\/\/ampcpp.ma\/fr\/lassociation\/membres-de-lassociation\/#breadcrumb\",\"itemListElement\":[{\"@type\":\"ListItem\",\"position\":1,\"name\":\"\u0627\u0644\u0631\u0626\u064a\u0633\u064a\u0629\",\"item\":\"https:\/\/ampcpp.ma\/fr\/\"},{\"@type\":\"ListItem\",\"position\":2,\"name\":\"L\u2019association\",\"item\":\"https:\/\/ampcpp.ma\/fr\/lassociation\/\"},{\"@type\":\"ListItem\",\"position\":3,\"name\":\"Membres du bureau de l\u2019association\"}]}]}<\/script>\n<!-- \/ Yoast SEO plugin. -->","yoast_head_json":{"title":"Membres du bureau de l\u2019association - Association Marocaine Des Pr\u00e9sidents Des Conseils Pr\u00e9fectoraux Et Provinciaux","robots":{"index":"index","follow":"follow","max-snippet":"max-snippet:-1","max-image-preview":"max-image-preview:large","max-video-preview":"max-video-preview:-1"},"canonical":"https:\/\/ampcpp.ma\/fr\/lassociation\/membres-de-lassociation\/","og_locale":"fr_FR","og_type":"article","og_title":"Membres du bureau de l\u2019association - Association Marocaine Des Pr\u00e9sidents Des Conseils Pr\u00e9fectoraux Et Provinciaux","og_description":"[vc_row][vc_column][\/vc_column][\/vc_row]","og_url":"https:\/\/ampcpp.ma\/fr\/lassociation\/membres-de-lassociation\/","og_site_name":"Association Marocaine Des Pr\u00e9sidents Des Conseils Pr\u00e9fectoraux Et Provinciaux","article_modified_time":"2026-01-13T11:04:48+00:00","twitter_card":"summary_large_image","twitter_misc":{"Dur\u00e9e de lecture estim\u00e9e":"1 minute"},"schema":{"@context":"https:\/\/schema.org","@graph":[{"@type":"WebSite","@id":"https:\/\/ampcpp.ma\/en\/#website","url":"https:\/\/ampcpp.ma\/en\/","name":"Association Marocaine Des Pr\u00e9sidents Des Conseils Pr\u00e9fectoraux Et Provinciaux","description":"L&#039;union fait la force","potentialAction":[{"@type":"SearchAction","target":{"@type":"EntryPoint","urlTemplate":"https:\/\/ampcpp.ma\/en\/?s={search_term_string}"},"query-input":"required name=search_term_string"}],"inLanguage":"fr-FR"},{"@type":"WebPage","@id":"https:\/\/ampcpp.ma\/fr\/lassociation\/membres-de-lassociation\/#webpage","url":"https:\/\/ampcpp.ma\/fr\/lassociation\/membres-de-lassociation\/","name":"Membres du bureau de l\u2019association - Association Marocaine Des Pr\u00e9sidents Des Conseils Pr\u00e9fectoraux Et Provinciaux","isPartOf":{"@id":"https:\/\/ampcpp.ma\/en\/#website"},"datePublished":"2021-01-05T00:39:45+00:00","dateModified":"2026-01-13T11:04:48+00:00","breadcrumb":{"@id":"https:\/\/ampcpp.ma\/fr\/lassociation\/membres-de-lassociation\/#breadcrumb"},"inLanguage":"fr-FR","potentialAction":[{"@type":"ReadAction","target":["https:\/\/ampcpp.ma\/fr\/lassociation\/membres-de-lassociation\/"]}]},{"@type":"BreadcrumbList","@id":"https:\/\/ampcpp.ma\/fr\/lassociation\/membres-de-lassociation\/#breadcrumb","itemListElement":[{"@type":"ListItem","position":1,"name":"\u0627\u0644\u0631\u0626\u064a\u0633\u064a\u0629","item":"https:\/\/ampcpp.ma\/fr\/"},{"@type":"ListItem","position":2,"name":"L\u2019association","item":"https:\/\/ampcpp.ma\/fr\/lassociation\/"},{"@type":"ListItem","position":3,"name":"Membres du bureau de l\u2019association"}]}]}},"_links":{"self":[{"href":"https:\/\/ampcpp.ma\/fr\/wp-json\/wp\/v2\/pages\/30"}],"collection":[{"href":"https:\/\/ampcpp.ma\/fr\/wp-json\/wp\/v2\/pages"}],"about":[{"href":"https:\/\/ampcpp.ma\/fr\/wp-json\/wp\/v2\/types\/page"}],"author":[{"embeddable":true,"href":"https:\/\/ampcpp.ma\/fr\/wp-json\/wp\/v2\/users\/1"}],"replies":[{"embeddable":true,"href":"https:\/\/ampcpp.ma\/fr\/wp-json\/wp\/v2\/comments?post=30"}],"version-history":[{"count":17,"href":"https:\/\/ampcpp.ma\/fr\/wp-json\/wp\/v2\/pages\/30\/revisions"}],"predecessor-version":[{"id":8104,"href":"https:\/\/ampcpp.ma\/fr\/wp-json\/wp\/v2\/pages\/30\/revisions\/8104"}],"up":[{"embeddable":true,"href":"https:\/\/ampcpp.ma\/fr\/wp-json\/wp\/v2\/pages\/36"}],"wp:attachment":[{"href":"https:\/\/ampcpp.ma\/fr\/wp-json\/wp\/v2\/media?parent=30"}],"curies":[{"name":"wp","href":"https:\/\/api.w.org\/{rel}","templated":true}]}}