{"id":32,"date":"2021-01-05T00:40:27","date_gmt":"2021-01-05T00:40:27","guid":{"rendered":"http:\/\/ampcpp.com\/?page_id=32"},"modified":"2021-05-05T00:26:14","modified_gmt":"2021-05-05T00:26:14","slug":"photos-et-videos","status":"publish","type":"page","link":"https:\/\/ampcpp.ma\/fr\/lassociation\/photos-et-videos\/","title":{"rendered":"Photos et Vid\u00e9os"},"content":{"rendered":"<p>[vc_row][vc_column]<section class=\"photos-videos\"><h1>Photos et Vid\u00e9os<\/h1><div class=\"photos-videos-wrapper\"><article class=\"panel\"><div class=\"cover\"><a href=\"https:\/\/ampcpp.ma\/wp-content\/uploads\/2021\/01\/gallery-2-1.jpeg\" data-fancybox=\"gallery-1610670672-723134\"><img src=\" https:\/\/ampcpp.ma\/wp-content\/uploads\/2021\/01\/gallery-2-1.jpeg \" ><\/a><\/div><div class=\"gallery\" style=\"display:none;\"><img src=\"https:\/\/ampcpp.ma\/wp-content\/uploads\/2021\/01\/gallery-2-2.jpeg\" data-fancybox=\"gallery-1610670672-723134\"><img src=\"https:\/\/ampcpp.ma\/wp-content\/uploads\/2021\/01\/gallery-2-3.jpeg\" data-fancybox=\"gallery-1610670672-723134\"><img src=\"https:\/\/ampcpp.ma\/wp-content\/uploads\/2021\/01\/gallery-2-4.jpeg\" data-fancybox=\"gallery-1610670672-723134\"><img src=\"https:\/\/ampcpp.ma\/wp-content\/uploads\/2021\/01\/gallery-2-5.jpeg\" data-fancybox=\"gallery-1610670672-723134\"><img src=\"https:\/\/ampcpp.ma\/wp-content\/uploads\/2021\/01\/gallery-2-6.jpeg\" data-fancybox=\"gallery-1610670672-723134\"><img src=\"https:\/\/ampcpp.ma\/wp-content\/uploads\/2021\/01\/gallery-2-7.jpeg\" data-fancybox=\"gallery-1610670672-723134\"><img src=\"https:\/\/ampcpp.ma\/wp-content\/uploads\/2021\/01\/gallery-2-8.jpeg\" data-fancybox=\"gallery-1610670672-723134\"><img src=\"https:\/\/ampcpp.ma\/wp-content\/uploads\/2021\/01\/gallery-2-9.jpeg\" data-fancybox=\"gallery-1610670672-723134\"><img src=\"https:\/\/ampcpp.ma\/wp-content\/uploads\/2021\/01\/gallery-2-10.jpeg\" data-fancybox=\"gallery-1610670672-723134\"><img src=\"https:\/\/ampcpp.ma\/wp-content\/uploads\/2021\/01\/gallery-2-11.jpeg\" data-fancybox=\"gallery-1610670672-723134\"><img src=\"https:\/\/ampcpp.ma\/wp-content\/uploads\/2021\/01\/gallery-2-12.jpeg\" data-fancybox=\"gallery-1610670672-723134\"><img src=\"https:\/\/ampcpp.ma\/wp-content\/uploads\/2021\/01\/gallery-2-13.jpeg\" data-fancybox=\"gallery-1610670672-723134\"><img src=\"https:\/\/ampcpp.ma\/wp-content\/uploads\/2021\/01\/gallery-2-14.jpeg\" data-fancybox=\"gallery-1610670672-723134\"><img src=\"https:\/\/ampcpp.ma\/wp-content\/uploads\/2021\/01\/gallery-2-15.jpeg\" data-fancybox=\"gallery-1610670672-723134\"><img src=\"https:\/\/ampcpp.ma\/wp-content\/uploads\/2021\/01\/gallery-2-16.jpeg\" data-fancybox=\"gallery-1610670672-723134\"><img src=\"https:\/\/ampcpp.ma\/wp-content\/uploads\/2021\/01\/gallery-2-17.jpeg\" data-fancybox=\"gallery-1610670672-723134\"><img src=\"https:\/\/ampcpp.ma\/wp-content\/uploads\/2021\/01\/gallery-2-18.jpeg\" data-fancybox=\"gallery-1610670672-723134\"><\/div><h2>Rencontre avec l\u2019Association Nationale des Municipalit\u00e9s Libyennes<\/h2><p class=\"date\">18\/09\/2019<\/p><\/article><article class=\"panel\"><div class=\"cover\"><a href=\"https:\/\/ampcpp.ma\/wp-content\/uploads\/2021\/01\/gallery-3-1.jpeg\" data-fancybox=\"gallery-1610670928-99091\"><img src=\" https:\/\/ampcpp.ma\/wp-content\/uploads\/2021\/01\/gallery-3-1.jpeg \" ><\/a><\/div><div class=\"gallery\" style=\"display:none;\"><img src=\"https:\/\/ampcpp.ma\/wp-content\/uploads\/2021\/01\/gallery-3-2.jpeg\" data-fancybox=\"gallery-1610670928-99091\"><img src=\"https:\/\/ampcpp.ma\/wp-content\/uploads\/2021\/01\/gallery-3-3.jpeg\" data-fancybox=\"gallery-1610670928-99091\"><img src=\"https:\/\/ampcpp.ma\/wp-content\/uploads\/2021\/01\/gallery-3-3-1.jpeg\" data-fancybox=\"gallery-1610670928-99091\"><img src=\"https:\/\/ampcpp.ma\/wp-content\/uploads\/2021\/01\/gallery-3-4.jpeg\" data-fancybox=\"gallery-1610670928-99091\"><img src=\"https:\/\/ampcpp.ma\/wp-content\/uploads\/2021\/01\/gallery-3-5.jpeg\" data-fancybox=\"gallery-1610670928-99091\"><\/div><h2>Participation de L\u2019Association Marocaine des Pr\u00e9sidents des Conseils des Pr\u00e9fectures et des Provinces \u00e0 la Conf\u00e9rence sur l\u2019Enfance, organis\u00e9e par l\u2019Observatoire National de l\u2019Enfance.<\/h2><p class=\"date\"><\/p><\/article><article class=\"panel\"><div class=\"cover\"><a href=\"https:\/\/ampcpp.ma\/wp-content\/uploads\/2021\/01\/NEGERIA-1.jpg\" data-fancybox=\"gallery-1610634914-27581\"><img src=\" https:\/\/ampcpp.ma\/wp-content\/uploads\/2021\/01\/NEGERIA-1.jpg \" ><\/a><\/div><div class=\"gallery\" style=\"display:none;\"><img src=\"https:\/\/ampcpp.ma\/wp-content\/uploads\/2021\/01\/NEGERIA-2.jpg\" data-fancybox=\"gallery-1610634914-27581\"><img src=\"https:\/\/ampcpp.ma\/wp-content\/uploads\/2021\/01\/NEGERIA-3.jpg\" data-fancybox=\"gallery-1610634914-27581\"><img src=\"https:\/\/ampcpp.ma\/wp-content\/uploads\/2021\/01\/NEGERIA-4.jpg\" data-fancybox=\"gallery-1610634914-27581\"><img src=\"https:\/\/ampcpp.ma\/wp-content\/uploads\/2021\/01\/NEGERIA-5.jpg\" data-fancybox=\"gallery-1610634914-27581\"><img src=\"https:\/\/ampcpp.ma\/wp-content\/uploads\/2021\/01\/NEGERIA-5.jpg\" data-fancybox=\"gallery-1610634914-27581\"><img src=\"https:\/\/ampcpp.ma\/wp-content\/uploads\/2021\/01\/NEGERIA-7.jpg\" data-fancybox=\"gallery-1610634914-27581\"><img src=\"https:\/\/ampcpp.ma\/wp-content\/uploads\/2021\/01\/NEGERIA-8.jpg\" data-fancybox=\"gallery-1610634914-27581\"><img src=\"https:\/\/ampcpp.ma\/wp-content\/uploads\/2021\/01\/NEGERIA-9.jpg\" data-fancybox=\"gallery-1610634914-27581\"><img src=\"https:\/\/ampcpp.ma\/wp-content\/uploads\/2021\/01\/NEGERIA-10.jpg\" data-fancybox=\"gallery-1610634914-27581\"><img src=\"https:\/\/ampcpp.ma\/wp-content\/uploads\/2021\/01\/NEGERIA-11.jpg\" data-fancybox=\"gallery-1610634914-27581\"><img src=\"https:\/\/ampcpp.ma\/wp-content\/uploads\/2021\/01\/NEGERIA-1-1.jpg\" data-fancybox=\"gallery-1610634914-27581\"><\/div><h2>R\u00e9ception de l\u2019Association des Gouvernements Locaux Nig\u00e9rians<\/h2><p class=\"date\">04\/11\/2019<\/p><\/article><article class=\"panel\"><div class=\"video\"><iframe loading=\"lazy\" src=\"https:\/\/www.youtube.com\/embed\/ji2sYik6Z3c\" width=\"560\" height=\"315\" frameborder=\"0\" allowfullscreen=\"allowfullscreen\"><\/iframe><\/div><h2>Zamzami \u00e9voque les raisons de la cr\u00e9ation de L\u2019Association Marocaine des Pr\u00e9sidents des Conseils des Pr\u00e9fectures et des Provinces<\/h2><p class=\"date\">27\/04\/2019<\/p><\/article><article class=\"panel\"><div class=\"video\"><iframe loading=\"lazy\" src=\"https:\/\/www.youtube.com\/embed\/_icRmgU2_aw\" width=\"560\" height=\"315\" frameborder=\"0\" allowfullscreen=\"allowfullscreen\"><\/iframe><\/div><h2>Benmbarek \u00e9voque la question de la fiscalit\u00e9, le partenariat avec l\u2019Universit\u00e9 Al Akhawayn et de la formation continue des \u00e9lus<\/h2><p class=\"date\">27\/04\/2019<\/p><\/article><article class=\"panel\"><div class=\"cover\"><a href=\"https:\/\/ampcpp.ma\/wp-content\/uploads\/2021\/01\/2019-09-20_at_00.41.jpg\" data-fancybox=\"gallery-1610671914-619399\"><img src=\" https:\/\/ampcpp.ma\/wp-content\/uploads\/2021\/01\/2019-09-20_at_00.41.jpg \" ><\/a><\/div><div class=\"gallery\" style=\"display:none;\"><img src=\"\" data-fancybox=\"gallery-1610671914-619399\"><\/div><h2>R\u00e9union du Bureau Ex\u00e9cutif au Royal Nautique Club<\/h2><p class=\"date\">04\/11\/2019<\/p><\/article><article class=\"panel\"><div class=\"video\"><\/p>\n<p><iframe loading=\"lazy\" src=\"https:\/\/www.youtube.com\/embed\/nhSg3kwL1cY\" width=\"560\" height=\"315\" frameborder=\"0\" allowfullscreen=\"allowfullscreen\"><\/iframe><\/p>\n<p><\/div><h2>Des experts marocains discutent de l\u2019\u00e9tat des imp\u00f4ts au Maroc <\/h2><p class=\"date\">04\/11\/2019<\/p><\/article><article class=\"panel\"><div class=\"video\"><iframe loading=\"lazy\" src=\"https:\/\/www.youtube.com\/embed\/CxQWCcSo1YI\" width=\"560\" height=\"315\" frameborder=\"0\" allowfullscreen=\"allowfullscreen\"><\/iframe><\/div><h2>Le Pr\u00e9sident de l\u2019Universit\u00e9 Al Akhawayn signe un accord de partenariat avec le Pr\u00e9sident de L\u2019Association Marocaine des Pr\u00e9sidents des Conseils des Pr\u00e9fectures et des Provinces<\/h2><p class=\"date\">28\/04\/2019<\/p><\/article><article class=\"panel\"><div class=\"video\"><iframe loading=\"lazy\" src=\"https:\/\/www.youtube.com\/embed\/XQLBWLJwAes\" width=\"560\" height=\"315\" frameborder=\"0\" allowfullscreen=\"allowfullscreen\"><\/iframe><\/div><h2>Le Pr\u00e9sident Benmbarek: Il est n\u00e9cessaire de cr\u00e9er l\u2019Association Marocaine des Pr\u00e9sidents des Conseils des Pr\u00e9fectures et des Provinces afin que cet organe s\u2019occupe des questions relatives \u00e0 la gestion des Conseils.<\/h2><p class=\"date\">28\/04\/2019<\/p><\/article><article class=\"panel\"><div class=\"cover\"><a href=\"https:\/\/ampcpp.ma\/wp-content\/uploads\/2021\/01\/5013.jpg\" data-fancybox=\"gallery-1610671334-443594\"><img src=\" https:\/\/ampcpp.ma\/wp-content\/uploads\/2021\/01\/5013.jpg \" ><\/a><\/div><div class=\"gallery\" style=\"display:none;\"><img src=\"https:\/\/ampcpp.ma\/wp-content\/uploads\/2021\/01\/gallery-5-2.jpeg\" data-fancybox=\"gallery-1610671334-443594\"><img src=\"https:\/\/ampcpp.ma\/wp-content\/uploads\/2021\/01\/gallery-5-3.jpeg\" data-fancybox=\"gallery-1610671334-443594\"><img src=\"https:\/\/ampcpp.ma\/wp-content\/uploads\/2021\/01\/gallery-5-4.jpeg\" data-fancybox=\"gallery-1610671334-443594\"><img src=\"https:\/\/ampcpp.ma\/wp-content\/uploads\/2021\/01\/gallery-5-5.jpeg\" data-fancybox=\"gallery-1610671334-443594\"><\/div><h2>Dialogue 5 + 5 relatif \u00e0 la conf\u00e9rence des ministres responsables de la coh\u00e9sion et de la planification r\u00e9gionale.<\/h2><p class=\"date\">26\/04\/2019<\/p><\/article><article class=\"panel\"><div class=\"cover\"><a href=\"https:\/\/ampcpp.ma\/wp-content\/uploads\/2021\/01\/gallery-4-1.jpeg\" data-fancybox=\"gallery-1610671178-191160\"><img src=\" https:\/\/ampcpp.ma\/wp-content\/uploads\/2021\/01\/gallery-4-1.jpeg \" ><\/a><\/div><div class=\"gallery\" style=\"display:none;\"><img src=\"https:\/\/ampcpp.ma\/wp-content\/uploads\/2021\/01\/gallery-4-2.jpeg\" data-fancybox=\"gallery-1610671178-191160\"><img src=\"https:\/\/ampcpp.ma\/wp-content\/uploads\/2021\/01\/gallery-4-3.jpeg\" data-fancybox=\"gallery-1610671178-191160\"><img src=\"https:\/\/ampcpp.ma\/wp-content\/uploads\/2021\/01\/gallery-4-4.jpeg\" data-fancybox=\"gallery-1610671178-191160\"><img src=\"https:\/\/ampcpp.ma\/wp-content\/uploads\/2021\/01\/gallery-4-5.jpeg\" data-fancybox=\"gallery-1610671178-191160\"><\/div><h2>R\u00e9union du Bureau Ex\u00e9cutif de l\u2019Association et des commissions<\/h2><p class=\"date\">20\/12\/2019<\/p><\/article><article class=\"panel\"><div class=\"video\"><iframe loading=\"lazy\" src=\"https:\/\/www.youtube.com\/embed\/8CP9K05K6Rg\" width=\"560\" height=\"315\" frameborder=\"0\" allowfullscreen=\"allowfullscreen\"><\/iframe><\/div><h2>L\u2019Association Marocaine des Pr\u00e9sidents des Conseils des Pr\u00e9fectures et des Provinces s\u2019appr\u00eate \u00e0 participer au d\u00e9bat sur \u00ab la fiscalit\u00e9 locale\u00bb<\/h2><p class=\"date\">27\/04\/2019<\/p><\/article><article class=\"panel\"><div class=\"cover\"><a href=\"https:\/\/ampcpp.ma\/wp-content\/uploads\/2021\/01\/gallery-6-1.jpeg\" data-fancybox=\"gallery-1610671583-27473\"><img src=\" https:\/\/ampcpp.ma\/wp-content\/uploads\/2021\/01\/gallery-6-1.jpeg \" ><\/a><\/div><div class=\"gallery\" style=\"display:none;\"><img src=\"https:\/\/ampcpp.ma\/wp-content\/uploads\/2021\/01\/gallery-6-2.jpeg\" data-fancybox=\"gallery-1610671583-27473\"><img src=\"https:\/\/ampcpp.ma\/wp-content\/uploads\/2021\/01\/gallery-6-3.jpeg\" data-fancybox=\"gallery-1610671583-27473\"><img src=\"https:\/\/ampcpp.ma\/wp-content\/uploads\/2021\/01\/gallery-6-4.jpeg\" data-fancybox=\"gallery-1610671583-27473\"><img src=\"https:\/\/ampcpp.ma\/wp-content\/uploads\/2021\/01\/gallery-6-5.jpeg\" data-fancybox=\"gallery-1610671583-27473\"><img src=\"https:\/\/ampcpp.ma\/wp-content\/uploads\/2021\/01\/gallery-6-6.jpeg\" data-fancybox=\"gallery-1610671583-27473\"><img src=\"https:\/\/ampcpp.ma\/wp-content\/uploads\/2021\/01\/gallery-6-7.jpeg\" data-fancybox=\"gallery-1610671583-27473\"><img src=\"https:\/\/ampcpp.ma\/wp-content\/uploads\/2021\/01\/gallery-6-8.jpeg\" data-fancybox=\"gallery-1610671583-27473\"><img src=\"https:\/\/ampcpp.ma\/wp-content\/uploads\/2021\/01\/gallery-6-9.jpeg\" data-fancybox=\"gallery-1610671583-27473\"><img src=\"https:\/\/ampcpp.ma\/wp-content\/uploads\/2021\/01\/gallery-6-10.jpeg\" data-fancybox=\"gallery-1610671583-27473\"><\/div><h2>Le Minist\u00e8re de l\u2019Int\u00e9rieur organise un atelier sur le renforcement des attributions des Conseils des Pr\u00e9fectures et des Provinces<\/h2><p class=\"date\">20\/01\/2020<\/p><\/article><\/div><\/section>[\/vc_column][\/vc_row]<\/p>\n","protected":false},"excerpt":{"rendered":"<p>[vc_row][vc_column][\/vc_column][\/vc_row]<\/p>\n","protected":false},"author":1,"featured_media":0,"parent":36,"menu_order":5,"comment_status":"closed","ping_status":"closed","template":"","meta":[],"yoast_head":"<!-- This site is optimized with the Yoast SEO plugin v18.1 - https:\/\/yoast.com\/wordpress\/plugins\/seo\/ -->\n<title>Photos et Vid\u00e9os - Association Marocaine Des Pr\u00e9sidents Des Conseils Pr\u00e9fectoraux Et Provinciaux<\/title>\n<meta name=\"robots\" content=\"index, follow, max-snippet:-1, max-image-preview:large, max-video-preview:-1\" \/>\n<link rel=\"canonical\" href=\"https:\/\/ampcpp.ma\/fr\/lassociation\/photos-et-videos\/\" \/>\n<meta property=\"og:locale\" content=\"fr_FR\" \/>\n<meta property=\"og:type\" content=\"article\" \/>\n<meta property=\"og:title\" content=\"Photos et Vid\u00e9os - Association Marocaine Des Pr\u00e9sidents Des Conseils Pr\u00e9fectoraux Et Provinciaux\" \/>\n<meta property=\"og:description\" content=\"[vc_row][vc_column][\/vc_column][\/vc_row]\" \/>\n<meta property=\"og:url\" content=\"https:\/\/ampcpp.ma\/fr\/lassociation\/photos-et-videos\/\" \/>\n<meta property=\"og:site_name\" content=\"Association Marocaine Des Pr\u00e9sidents Des Conseils Pr\u00e9fectoraux Et Provinciaux\" \/>\n<meta property=\"article:modified_time\" content=\"2021-05-05T00:26:14+00:00\" \/>\n<meta name=\"twitter:card\" content=\"summary_large_image\" \/>\n<meta name=\"twitter:label1\" content=\"Dur\u00e9e de lecture estim\u00e9e\" \/>\n\t<meta name=\"twitter:data1\" content=\"3 minutes\" \/>\n<script type=\"application\/ld+json\" class=\"yoast-schema-graph\">{\"@context\":\"https:\/\/schema.org\",\"@graph\":[{\"@type\":\"WebSite\",\"@id\":\"https:\/\/ampcpp.ma\/en\/#website\",\"url\":\"https:\/\/ampcpp.ma\/en\/\",\"name\":\"Association Marocaine Des Pr\u00e9sidents Des Conseils Pr\u00e9fectoraux Et Provinciaux\",\"description\":\"L&#039;union fait la force\",\"potentialAction\":[{\"@type\":\"SearchAction\",\"target\":{\"@type\":\"EntryPoint\",\"urlTemplate\":\"https:\/\/ampcpp.ma\/en\/?s={search_term_string}\"},\"query-input\":\"required name=search_term_string\"}],\"inLanguage\":\"fr-FR\"},{\"@type\":\"WebPage\",\"@id\":\"https:\/\/ampcpp.ma\/fr\/lassociation\/photos-et-videos\/#webpage\",\"url\":\"https:\/\/ampcpp.ma\/fr\/lassociation\/photos-et-videos\/\",\"name\":\"Photos et Vid\u00e9os - Association Marocaine Des Pr\u00e9sidents Des Conseils Pr\u00e9fectoraux Et Provinciaux\",\"isPartOf\":{\"@id\":\"https:\/\/ampcpp.ma\/en\/#website\"},\"datePublished\":\"2021-01-05T00:40:27+00:00\",\"dateModified\":\"2021-05-05T00:26:14+00:00\",\"breadcrumb\":{\"@id\":\"https:\/\/ampcpp.ma\/fr\/lassociation\/photos-et-videos\/#breadcrumb\"},\"inLanguage\":\"fr-FR\",\"potentialAction\":[{\"@type\":\"ReadAction\",\"target\":[\"https:\/\/ampcpp.ma\/fr\/lassociation\/photos-et-videos\/\"]}]},{\"@type\":\"BreadcrumbList\",\"@id\":\"https:\/\/ampcpp.ma\/fr\/lassociation\/photos-et-videos\/#breadcrumb\",\"itemListElement\":[{\"@type\":\"ListItem\",\"position\":1,\"name\":\"\u0627\u0644\u0631\u0626\u064a\u0633\u064a\u0629\",\"item\":\"https:\/\/ampcpp.ma\/fr\/\"},{\"@type\":\"ListItem\",\"position\":2,\"name\":\"L\u2019association\",\"item\":\"https:\/\/ampcpp.ma\/fr\/lassociation\/\"},{\"@type\":\"ListItem\",\"position\":3,\"name\":\"Photos et Vid\u00e9os\"}]}]}<\/script>\n<!-- \/ Yoast SEO plugin. -->","yoast_head_json":{"title":"Photos et Vid\u00e9os - Association Marocaine Des Pr\u00e9sidents Des Conseils Pr\u00e9fectoraux Et Provinciaux","robots":{"index":"index","follow":"follow","max-snippet":"max-snippet:-1","max-image-preview":"max-image-preview:large","max-video-preview":"max-video-preview:-1"},"canonical":"https:\/\/ampcpp.ma\/fr\/lassociation\/photos-et-videos\/","og_locale":"fr_FR","og_type":"article","og_title":"Photos et Vid\u00e9os - Association Marocaine Des Pr\u00e9sidents Des Conseils Pr\u00e9fectoraux Et Provinciaux","og_description":"[vc_row][vc_column][\/vc_column][\/vc_row]","og_url":"https:\/\/ampcpp.ma\/fr\/lassociation\/photos-et-videos\/","og_site_name":"Association Marocaine Des Pr\u00e9sidents Des Conseils Pr\u00e9fectoraux Et Provinciaux","article_modified_time":"2021-05-05T00:26:14+00:00","twitter_card":"summary_large_image","twitter_misc":{"Dur\u00e9e de lecture estim\u00e9e":"3 minutes"},"schema":{"@context":"https:\/\/schema.org","@graph":[{"@type":"WebSite","@id":"https:\/\/ampcpp.ma\/en\/#website","url":"https:\/\/ampcpp.ma\/en\/","name":"Association Marocaine Des Pr\u00e9sidents Des Conseils Pr\u00e9fectoraux Et Provinciaux","description":"L&#039;union fait la force","potentialAction":[{"@type":"SearchAction","target":{"@type":"EntryPoint","urlTemplate":"https:\/\/ampcpp.ma\/en\/?s={search_term_string}"},"query-input":"required name=search_term_string"}],"inLanguage":"fr-FR"},{"@type":"WebPage","@id":"https:\/\/ampcpp.ma\/fr\/lassociation\/photos-et-videos\/#webpage","url":"https:\/\/ampcpp.ma\/fr\/lassociation\/photos-et-videos\/","name":"Photos et Vid\u00e9os - Association Marocaine Des Pr\u00e9sidents Des Conseils Pr\u00e9fectoraux Et Provinciaux","isPartOf":{"@id":"https:\/\/ampcpp.ma\/en\/#website"},"datePublished":"2021-01-05T00:40:27+00:00","dateModified":"2021-05-05T00:26:14+00:00","breadcrumb":{"@id":"https:\/\/ampcpp.ma\/fr\/lassociation\/photos-et-videos\/#breadcrumb"},"inLanguage":"fr-FR","potentialAction":[{"@type":"ReadAction","target":["https:\/\/ampcpp.ma\/fr\/lassociation\/photos-et-videos\/"]}]},{"@type":"BreadcrumbList","@id":"https:\/\/ampcpp.ma\/fr\/lassociation\/photos-et-videos\/#breadcrumb","itemListElement":[{"@type":"ListItem","position":1,"name":"\u0627\u0644\u0631\u0626\u064a\u0633\u064a\u0629","item":"https:\/\/ampcpp.ma\/fr\/"},{"@type":"ListItem","position":2,"name":"L\u2019association","item":"https:\/\/ampcpp.ma\/fr\/lassociation\/"},{"@type":"ListItem","position":3,"name":"Photos et Vid\u00e9os"}]}]}},"_links":{"self":[{"href":"https:\/\/ampcpp.ma\/fr\/wp-json\/wp\/v2\/pages\/32"}],"collection":[{"href":"https:\/\/ampcpp.ma\/fr\/wp-json\/wp\/v2\/pages"}],"about":[{"href":"https:\/\/ampcpp.ma\/fr\/wp-json\/wp\/v2\/types\/page"}],"author":[{"embeddable":true,"href":"https:\/\/ampcpp.ma\/fr\/wp-json\/wp\/v2\/users\/1"}],"replies":[{"embeddable":true,"href":"https:\/\/ampcpp.ma\/fr\/wp-json\/wp\/v2\/comments?post=32"}],"version-history":[{"count":18,"href":"https:\/\/ampcpp.ma\/fr\/wp-json\/wp\/v2\/pages\/32\/revisions"}],"predecessor-version":[{"id":464,"href":"https:\/\/ampcpp.ma\/fr\/wp-json\/wp\/v2\/pages\/32\/revisions\/464"}],"up":[{"embeddable":true,"href":"https:\/\/ampcpp.ma\/fr\/wp-json\/wp\/v2\/pages\/36"}],"wp:attachment":[{"href":"https:\/\/ampcpp.ma\/fr\/wp-json\/wp\/v2\/media?parent=32"}],"curies":[{"name":"wp","href":"https:\/\/api.w.org\/{rel}","templated":true}]}}