{"id":34,"date":"2021-01-05T00:40:55","date_gmt":"2021-01-05T00:40:55","guid":{"rendered":"http:\/\/ampcpp.com\/?page_id=34"},"modified":"2021-05-05T00:26:34","modified_gmt":"2021-05-05T00:26:34","slug":"partenaires","status":"publish","type":"page","link":"https:\/\/ampcpp.ma\/fr\/lassociation\/partenaires\/","title":{"rendered":"Partenaires"},"content":{"rendered":"<p>[vc_row][vc_column]<section class=\"presentation-partners\"><h2>NATIONAUX<\/h2><div class=\"partners\"><div class=\"partner\"><img src=\"https:\/\/ampcpp.ma\/wp-content\/uploads\/2021\/01\/02.png\" \/><h3>Universit\u00e9 Mohammed V de Rabat<\/h3><\/div><div class=\"partner\"><img src=\"https:\/\/ampcpp.ma\/wp-content\/uploads\/2021\/01\/06.png\" \/><h3>Agence Nationale de Promotion des Emplois et des Comp\u00e9tences<\/h3><\/div><div class=\"partner\"><img src=\"https:\/\/ampcpp.ma\/wp-content\/uploads\/2021\/01\/al-akhawayn.png\" \/><h3>Universit\u00e9 Al-Akhawayn<\/h3><\/div><div class=\"partner\"><img src=\"https:\/\/ampcpp.ma\/wp-content\/uploads\/2021\/01\/04.png\" \/><h3>L'association \u00abAl Jisr\u00bb, un partenariat \u00e9cole-entreprise<\/h3><\/div><\/div><div class=\"partners\"><div class=\"partner\"><img src=\"https:\/\/ampcpp.ma\/wp-content\/uploads\/2021\/01\/1.png\" \/><h3>Le Minist\u00e8re de l'Int\u00e9rieur<\/h3><\/div><div class=\"partner\"><img src=\"https:\/\/ampcpp.ma\/wp-content\/uploads\/2021\/01\/1.png\" \/><h3>La Chambre des repr\u00e9sentants<\/h3><\/div><div class=\"partner\"><img src=\"https:\/\/ampcpp.ma\/wp-content\/uploads\/2021\/01\/09.png\" \/><h3>Observatoire national des droits de l'enfant<\/h3><\/div><div class=\"partner\"><img src=\"https:\/\/ampcpp.ma\/wp-content\/uploads\/2021\/01\/00.png\" \/><h3>La Fondation Marocaine de l'Etudiant<\/h3><\/div><\/div><div class=\"partners\"><div class=\"partner\"><img src=\"https:\/\/ampcpp.ma\/wp-content\/uploads\/2021\/01\/15.png\" \/><h3>Association Marocaine de Sociologie<\/h3><\/div><\/div><\/section>[\/vc_column][\/vc_row][vc_row][vc_column]<section class=\"presentation-partners\"><h2>INTERNATIONAUX<\/h2><div class=\"partners\"><div class=\"partner\"><img src=\"https:\/\/ampcpp.ma\/wp-content\/uploads\/2021\/01\/05-1.png\" \/><h3>L'association fran\u00e7aise \" Twist pour la solidarit\u00e9 \"<\/h3><\/div><div class=\"partner\"><img src=\"https:\/\/ampcpp.ma\/wp-content\/uploads\/2021\/01\/020-1.png\" \/><h3>Association pour le d\u00e9veloppement des \u00e9changes entre la France, le Maroc et le S\u00e9n\u00e9gal \"Divram\"\"<\/h3><\/div><div class=\"partner\"><img src=\"https:\/\/ampcpp.ma\/wp-content\/uploads\/2021\/01\/03-1.png\" \/><h3>Organisation de coop\u00e9ration et de d\u00e9veloppement \u00e9conomiques (OCDE).<\/h3><\/div><div class=\"partner\"><img src=\"https:\/\/ampcpp.ma\/wp-content\/uploads\/2021\/01\/15-2.png\" \/><h3>Conseil de l'Europe<\/h3><\/div><\/div><\/section>[\/vc_column][\/vc_row]<\/p>\n","protected":false},"excerpt":{"rendered":"<p>[vc_row][vc_column][\/vc_column][\/vc_row][vc_row][vc_column][\/vc_column][\/vc_row]<\/p>\n","protected":false},"author":1,"featured_media":0,"parent":36,"menu_order":6,"comment_status":"closed","ping_status":"closed","template":"","meta":[],"yoast_head":"<!-- This site is optimized with the Yoast SEO plugin v18.1 - https:\/\/yoast.com\/wordpress\/plugins\/seo\/ -->\n<title>Partenaires - Association Marocaine Des Pr\u00e9sidents Des Conseils Pr\u00e9fectoraux Et Provinciaux<\/title>\n<meta name=\"robots\" content=\"index, follow, max-snippet:-1, max-image-preview:large, max-video-preview:-1\" \/>\n<link rel=\"canonical\" href=\"https:\/\/ampcpp.ma\/fr\/lassociation\/partenaires\/\" \/>\n<meta property=\"og:locale\" content=\"fr_FR\" \/>\n<meta property=\"og:type\" content=\"article\" \/>\n<meta property=\"og:title\" content=\"Partenaires - Association Marocaine Des Pr\u00e9sidents Des Conseils Pr\u00e9fectoraux Et Provinciaux\" \/>\n<meta property=\"og:description\" content=\"[vc_row][vc_column][\/vc_column][\/vc_row][vc_row][vc_column][\/vc_column][\/vc_row]\" \/>\n<meta property=\"og:url\" content=\"https:\/\/ampcpp.ma\/fr\/lassociation\/partenaires\/\" \/>\n<meta property=\"og:site_name\" content=\"Association Marocaine Des Pr\u00e9sidents Des Conseils Pr\u00e9fectoraux Et Provinciaux\" \/>\n<meta property=\"article:modified_time\" content=\"2021-05-05T00:26:34+00:00\" \/>\n<meta name=\"twitter:card\" content=\"summary_large_image\" \/>\n<meta name=\"twitter:label1\" content=\"Dur\u00e9e de lecture estim\u00e9e\" \/>\n\t<meta name=\"twitter:data1\" content=\"1 minute\" \/>\n<script type=\"application\/ld+json\" class=\"yoast-schema-graph\">{\"@context\":\"https:\/\/schema.org\",\"@graph\":[{\"@type\":\"WebSite\",\"@id\":\"https:\/\/ampcpp.ma\/en\/#website\",\"url\":\"https:\/\/ampcpp.ma\/en\/\",\"name\":\"Association Marocaine Des Pr\u00e9sidents Des Conseils Pr\u00e9fectoraux Et Provinciaux\",\"description\":\"L&#039;union fait la force\",\"potentialAction\":[{\"@type\":\"SearchAction\",\"target\":{\"@type\":\"EntryPoint\",\"urlTemplate\":\"https:\/\/ampcpp.ma\/en\/?s={search_term_string}\"},\"query-input\":\"required name=search_term_string\"}],\"inLanguage\":\"fr-FR\"},{\"@type\":\"WebPage\",\"@id\":\"https:\/\/ampcpp.ma\/fr\/lassociation\/partenaires\/#webpage\",\"url\":\"https:\/\/ampcpp.ma\/fr\/lassociation\/partenaires\/\",\"name\":\"Partenaires - Association Marocaine Des Pr\u00e9sidents Des Conseils Pr\u00e9fectoraux Et Provinciaux\",\"isPartOf\":{\"@id\":\"https:\/\/ampcpp.ma\/en\/#website\"},\"datePublished\":\"2021-01-05T00:40:55+00:00\",\"dateModified\":\"2021-05-05T00:26:34+00:00\",\"breadcrumb\":{\"@id\":\"https:\/\/ampcpp.ma\/fr\/lassociation\/partenaires\/#breadcrumb\"},\"inLanguage\":\"fr-FR\",\"potentialAction\":[{\"@type\":\"ReadAction\",\"target\":[\"https:\/\/ampcpp.ma\/fr\/lassociation\/partenaires\/\"]}]},{\"@type\":\"BreadcrumbList\",\"@id\":\"https:\/\/ampcpp.ma\/fr\/lassociation\/partenaires\/#breadcrumb\",\"itemListElement\":[{\"@type\":\"ListItem\",\"position\":1,\"name\":\"\u0627\u0644\u0631\u0626\u064a\u0633\u064a\u0629\",\"item\":\"https:\/\/ampcpp.ma\/fr\/\"},{\"@type\":\"ListItem\",\"position\":2,\"name\":\"L\u2019association\",\"item\":\"https:\/\/ampcpp.ma\/fr\/lassociation\/\"},{\"@type\":\"ListItem\",\"position\":3,\"name\":\"Partenaires\"}]}]}<\/script>\n<!-- \/ Yoast SEO plugin. -->","yoast_head_json":{"title":"Partenaires - Association Marocaine Des Pr\u00e9sidents Des Conseils Pr\u00e9fectoraux Et Provinciaux","robots":{"index":"index","follow":"follow","max-snippet":"max-snippet:-1","max-image-preview":"max-image-preview:large","max-video-preview":"max-video-preview:-1"},"canonical":"https:\/\/ampcpp.ma\/fr\/lassociation\/partenaires\/","og_locale":"fr_FR","og_type":"article","og_title":"Partenaires - Association Marocaine Des Pr\u00e9sidents Des Conseils Pr\u00e9fectoraux Et Provinciaux","og_description":"[vc_row][vc_column][\/vc_column][\/vc_row][vc_row][vc_column][\/vc_column][\/vc_row]","og_url":"https:\/\/ampcpp.ma\/fr\/lassociation\/partenaires\/","og_site_name":"Association Marocaine Des Pr\u00e9sidents Des Conseils Pr\u00e9fectoraux Et Provinciaux","article_modified_time":"2021-05-05T00:26:34+00:00","twitter_card":"summary_large_image","twitter_misc":{"Dur\u00e9e de lecture estim\u00e9e":"1 minute"},"schema":{"@context":"https:\/\/schema.org","@graph":[{"@type":"WebSite","@id":"https:\/\/ampcpp.ma\/en\/#website","url":"https:\/\/ampcpp.ma\/en\/","name":"Association Marocaine Des Pr\u00e9sidents Des Conseils Pr\u00e9fectoraux Et Provinciaux","description":"L&#039;union fait la force","potentialAction":[{"@type":"SearchAction","target":{"@type":"EntryPoint","urlTemplate":"https:\/\/ampcpp.ma\/en\/?s={search_term_string}"},"query-input":"required name=search_term_string"}],"inLanguage":"fr-FR"},{"@type":"WebPage","@id":"https:\/\/ampcpp.ma\/fr\/lassociation\/partenaires\/#webpage","url":"https:\/\/ampcpp.ma\/fr\/lassociation\/partenaires\/","name":"Partenaires - Association Marocaine Des Pr\u00e9sidents Des Conseils Pr\u00e9fectoraux Et Provinciaux","isPartOf":{"@id":"https:\/\/ampcpp.ma\/en\/#website"},"datePublished":"2021-01-05T00:40:55+00:00","dateModified":"2021-05-05T00:26:34+00:00","breadcrumb":{"@id":"https:\/\/ampcpp.ma\/fr\/lassociation\/partenaires\/#breadcrumb"},"inLanguage":"fr-FR","potentialAction":[{"@type":"ReadAction","target":["https:\/\/ampcpp.ma\/fr\/lassociation\/partenaires\/"]}]},{"@type":"BreadcrumbList","@id":"https:\/\/ampcpp.ma\/fr\/lassociation\/partenaires\/#breadcrumb","itemListElement":[{"@type":"ListItem","position":1,"name":"\u0627\u0644\u0631\u0626\u064a\u0633\u064a\u0629","item":"https:\/\/ampcpp.ma\/fr\/"},{"@type":"ListItem","position":2,"name":"L\u2019association","item":"https:\/\/ampcpp.ma\/fr\/lassociation\/"},{"@type":"ListItem","position":3,"name":"Partenaires"}]}]}},"_links":{"self":[{"href":"https:\/\/ampcpp.ma\/fr\/wp-json\/wp\/v2\/pages\/34"}],"collection":[{"href":"https:\/\/ampcpp.ma\/fr\/wp-json\/wp\/v2\/pages"}],"about":[{"href":"https:\/\/ampcpp.ma\/fr\/wp-json\/wp\/v2\/types\/page"}],"author":[{"embeddable":true,"href":"https:\/\/ampcpp.ma\/fr\/wp-json\/wp\/v2\/users\/1"}],"replies":[{"embeddable":true,"href":"https:\/\/ampcpp.ma\/fr\/wp-json\/wp\/v2\/comments?post=34"}],"version-history":[{"count":8,"href":"https:\/\/ampcpp.ma\/fr\/wp-json\/wp\/v2\/pages\/34\/revisions"}],"predecessor-version":[{"id":1748,"href":"https:\/\/ampcpp.ma\/fr\/wp-json\/wp\/v2\/pages\/34\/revisions\/1748"}],"up":[{"embeddable":true,"href":"https:\/\/ampcpp.ma\/fr\/wp-json\/wp\/v2\/pages\/36"}],"wp:attachment":[{"href":"https:\/\/ampcpp.ma\/fr\/wp-json\/wp\/v2\/media?parent=34"}],"curies":[{"name":"wp","href":"https:\/\/api.w.org\/{rel}","templated":true}]}}