{"id":42,"date":"2021-01-05T00:45:09","date_gmt":"2021-01-05T00:45:09","guid":{"rendered":"http:\/\/ampcpp.com\/?page_id=42"},"modified":"2022-02-09T14:07:09","modified_gmt":"2022-02-09T14:07:09","slug":"partenariats","status":"publish","type":"page","link":"https:\/\/ampcpp.ma\/fr\/partenariats\/","title":{"rendered":"Partenariats"},"content":{"rendered":"<p>[vc_row][vc_column]<section class=\"partners\"><h1>Accords de partenariat et de coop\u00e9ration<\/h1><div class=\"partners-wrapper\"><article class=\"partner panel\"><h2>Convention de partenariat avec le Minist\u00e8re de l\u2019Int\u00e9rieur<\/h2><div class=\"partner-content\"><div class=\"content\"><\/p>\n<h3>Objectifs de la convention :<\/h3>\n<ul>\n<li>Assurer le suivi relatif \u00e0 la mise en \u0153uvre du r\u00f4le de l\u2019Association dans le soutien aux Collectivit\u00e9s Territoriales marocaines et au renforcement de son r\u00f4le en tant que facteur de d\u00e9veloppement durable.<\/li>\n<li>Participer \u00e0 toutes les formes de dialogue destin\u00e9es \u00e0 soutenir les chantiers de la bonne gouvernance\u00a0;<\/li>\n<li>Organiser et coordonner la participation des Pr\u00e9sidents des Conseils des Pr\u00e9fectures et des Provinces \u00e0 tous les d\u00e9bats sur le renforcement de la d\u00e9centralisation, ainsi qu\u2019\u00e0 toutes les conf\u00e9rences et les manifestations nationales et internationales.<\/li>\n<\/ul>\n<p><\/div><div class=\"logo\"><img src=\"https:\/\/ampcpp.ma\/wp-content\/uploads\/2021\/01\/Untitled-1.png\"><\/div><\/div><\/article><article class=\"partner panel\"><h2>Convention de partenariat et de coop\u00e9ration avec l\u2019Universit\u00e9 Al Akhawayn<\/h2><div class=\"partner-content\"><div class=\"content\"><\/p>\n<h3>Objectifs de la convention :<\/h3>\n<p>Coop\u00e9rer et collaborer dans la perspective de r\u00e9aliser des activit\u00e9s de recherche scientifique en rapport avec des questions th\u00e9oriques ou appliqu\u00e9es li\u00e9es au d\u00e9veloppement scientifique, culturel, \u00e9conomique et social concernant les Conseils Pr\u00e9fectoraux ou Provinciaux et soutenir ces Conseils dans les domaines de la planification territoriale, de la formation, du renforcement des capacit\u00e9s en termes de gestion et de la coop\u00e9ration d\u00e9centralis\u00e9e.<\/p>\n<p><a class=\"download\" href=\"http:\/\/ampcpp.com\/wp-content\/uploads\/2022\/02\/AKHAWAYN.pdf\">Convention<\/a><\/p>\n<p><\/div><div class=\"logo\"><img src=\"https:\/\/ampcpp.ma\/wp-content\/uploads\/2021\/01\/akhawayn.png\"><\/div><\/div><\/article><article class=\"partner panel\"><h2>Convention de partenariat avec l\u2019Association \u201cJisr\u201d, partenariat \u00e9cole-entreprise<\/h2><div class=\"partner-content\"><div class=\"content\"><\/p>\n<h3>Objectifs de la convention :<\/h3>\n<p>Permettre au plus grand nombre de jeunes et d\u2019enfants de profiter des programmes de l\u2019Association \u00abJisr\u00bb dans les Pr\u00e9fectures et les Provinces du Royaume, notamment en ce qui concerne les programmes \u00e9ducatifs destin\u00e9s aux enfants en situation de pr\u00e9carit\u00e9 et les programmes de formation professionnelle et d\u2019employabilit\u00e9 destin\u00e9s aux jeunes qui ne sont ni en situation de scolarisation, ni en situation d\u2019emploi (Ni\u2026Ni)<\/p>\n<p><a class=\"download\" href=\"http:\/\/ampcpp.com\/wp-content\/uploads\/2021\/01\/AMPCPP-Plan-d_action.pdf\">plan de travail<\/a><br \/><a class=\"download\" href=\"http:\/\/ampcpp.com\/wp-content\/uploads\/2021\/05\/Convention-specifique-Conseil-provincial-prefectoral-Al-Jisr-1.pdf\">Partenariat propos\u00e9 par l\u2019Association \u201cJisr\u201d au profit de tous les conseils de travailleurs et r\u00e9gions qui souhaiteraient des relations de d\u00e9veloppement<\/a><\/p>\n<p><a class=\"download\" href=\"http:\/\/ampcpp.com\/wp-content\/uploads\/2022\/02\/AL-JISR.pdf\">Convention<\/a><\/p>\n<p><\/div><div class=\"logo\"><img src=\"https:\/\/ampcpp.ma\/wp-content\/uploads\/2021\/01\/2.png\"><\/div><\/div><\/article><article class=\"partner panel\"><h2>Convention de partenariat avec la Fondation Marocaine de l\u2019\u00c9tudiant<\/h2><div class=\"partner-content\"><div class=\"content\"><\/p>\n<h3>Objectifs de la convention :<\/h3>\n<p>Soutenir l\u2019Association Marocaine des Pr\u00e9sidents des Conseils des Pr\u00e9fectures et des Provinces afin qu\u2019elle puisse acqu\u00e9rir de l\u2019exp\u00e9rience dans le domaine social objet de cet accord et organiser des interventions conjointes au profit de certains groupes sociaux.<\/div><div class=\"logo\"><img src=\"https:\/\/ampcpp.ma\/wp-content\/uploads\/2021\/01\/Fondation-Marocaine-de-lE\u0301tudiant.png\"><\/div><\/div><\/article><article class=\"partner panel\"><h2>Convention de partenariat avec l\u2019Association Marocaine de Sociologie<\/h2><div class=\"partner-content\"><div class=\"content\"><\/p>\n<h3>Objectifs de l\u2019accord :<\/h3>\n<ul>\n<li>Mener des \u00e9tudes dans le domaine social ainsi que dans les domaines d\u2019intervention des Pr\u00e9fectures et des Provinces\u00a0;<\/li>\n<li>Soutenir l\u2019Association dans ce domaine\u00a0;<\/li>\n<li>Organiser des rencontres et des formations portant sur ces domaines.<\/li>\n<\/ul>\n<p><\/div><div class=\"logo\"><img src=\"https:\/\/ampcpp.ma\/wp-content\/uploads\/2021\/01\/Association-Marocaine-de-Sociologie.png\"><\/div><\/div><\/article><\/div><\/section>[\/vc_column][\/vc_row]<\/p>\n","protected":false},"excerpt":{"rendered":"<p>[vc_row][vc_column][\/vc_column][\/vc_row]<\/p>\n","protected":false},"author":1,"featured_media":0,"parent":0,"menu_order":0,"comment_status":"closed","ping_status":"closed","template":"","meta":[],"yoast_head":"<!-- This site is optimized with the Yoast SEO plugin v18.1 - https:\/\/yoast.com\/wordpress\/plugins\/seo\/ -->\n<title>Partenariats - Association Marocaine Des Pr\u00e9sidents Des Conseils Pr\u00e9fectoraux Et Provinciaux<\/title>\n<meta name=\"robots\" content=\"index, follow, max-snippet:-1, max-image-preview:large, max-video-preview:-1\" \/>\n<link rel=\"canonical\" href=\"https:\/\/ampcpp.ma\/fr\/partenariats\/\" \/>\n<meta property=\"og:locale\" content=\"fr_FR\" \/>\n<meta property=\"og:type\" content=\"article\" \/>\n<meta property=\"og:title\" content=\"Partenariats - Association Marocaine Des Pr\u00e9sidents Des Conseils Pr\u00e9fectoraux Et Provinciaux\" \/>\n<meta property=\"og:description\" content=\"[vc_row][vc_column][\/vc_column][\/vc_row]\" \/>\n<meta property=\"og:url\" content=\"https:\/\/ampcpp.ma\/fr\/partenariats\/\" \/>\n<meta property=\"og:site_name\" content=\"Association Marocaine Des Pr\u00e9sidents Des Conseils Pr\u00e9fectoraux Et Provinciaux\" \/>\n<meta property=\"article:modified_time\" content=\"2022-02-09T14:07:09+00:00\" \/>\n<meta name=\"twitter:card\" content=\"summary_large_image\" \/>\n<meta name=\"twitter:label1\" content=\"Dur\u00e9e de lecture estim\u00e9e\" \/>\n\t<meta name=\"twitter:data1\" content=\"2 minutes\" \/>\n<script type=\"application\/ld+json\" class=\"yoast-schema-graph\">{\"@context\":\"https:\/\/schema.org\",\"@graph\":[{\"@type\":\"WebSite\",\"@id\":\"https:\/\/ampcpp.ma\/en\/#website\",\"url\":\"https:\/\/ampcpp.ma\/en\/\",\"name\":\"Association Marocaine Des Pr\u00e9sidents Des Conseils Pr\u00e9fectoraux Et Provinciaux\",\"description\":\"L&#039;union fait la force\",\"potentialAction\":[{\"@type\":\"SearchAction\",\"target\":{\"@type\":\"EntryPoint\",\"urlTemplate\":\"https:\/\/ampcpp.ma\/en\/?s={search_term_string}\"},\"query-input\":\"required name=search_term_string\"}],\"inLanguage\":\"fr-FR\"},{\"@type\":\"WebPage\",\"@id\":\"https:\/\/ampcpp.ma\/fr\/partenariats\/#webpage\",\"url\":\"https:\/\/ampcpp.ma\/fr\/partenariats\/\",\"name\":\"Partenariats - Association Marocaine Des Pr\u00e9sidents Des Conseils Pr\u00e9fectoraux Et Provinciaux\",\"isPartOf\":{\"@id\":\"https:\/\/ampcpp.ma\/en\/#website\"},\"datePublished\":\"2021-01-05T00:45:09+00:00\",\"dateModified\":\"2022-02-09T14:07:09+00:00\",\"breadcrumb\":{\"@id\":\"https:\/\/ampcpp.ma\/fr\/partenariats\/#breadcrumb\"},\"inLanguage\":\"fr-FR\",\"potentialAction\":[{\"@type\":\"ReadAction\",\"target\":[\"https:\/\/ampcpp.ma\/fr\/partenariats\/\"]}]},{\"@type\":\"BreadcrumbList\",\"@id\":\"https:\/\/ampcpp.ma\/fr\/partenariats\/#breadcrumb\",\"itemListElement\":[{\"@type\":\"ListItem\",\"position\":1,\"name\":\"\u0627\u0644\u0631\u0626\u064a\u0633\u064a\u0629\",\"item\":\"https:\/\/ampcpp.ma\/fr\/\"},{\"@type\":\"ListItem\",\"position\":2,\"name\":\"Partenariats\"}]}]}<\/script>\n<!-- \/ Yoast SEO plugin. -->","yoast_head_json":{"title":"Partenariats - Association Marocaine Des Pr\u00e9sidents Des Conseils Pr\u00e9fectoraux Et Provinciaux","robots":{"index":"index","follow":"follow","max-snippet":"max-snippet:-1","max-image-preview":"max-image-preview:large","max-video-preview":"max-video-preview:-1"},"canonical":"https:\/\/ampcpp.ma\/fr\/partenariats\/","og_locale":"fr_FR","og_type":"article","og_title":"Partenariats - Association Marocaine Des Pr\u00e9sidents Des Conseils Pr\u00e9fectoraux Et Provinciaux","og_description":"[vc_row][vc_column][\/vc_column][\/vc_row]","og_url":"https:\/\/ampcpp.ma\/fr\/partenariats\/","og_site_name":"Association Marocaine Des Pr\u00e9sidents Des Conseils Pr\u00e9fectoraux Et Provinciaux","article_modified_time":"2022-02-09T14:07:09+00:00","twitter_card":"summary_large_image","twitter_misc":{"Dur\u00e9e de lecture estim\u00e9e":"2 minutes"},"schema":{"@context":"https:\/\/schema.org","@graph":[{"@type":"WebSite","@id":"https:\/\/ampcpp.ma\/en\/#website","url":"https:\/\/ampcpp.ma\/en\/","name":"Association Marocaine Des Pr\u00e9sidents Des Conseils Pr\u00e9fectoraux Et Provinciaux","description":"L&#039;union fait la force","potentialAction":[{"@type":"SearchAction","target":{"@type":"EntryPoint","urlTemplate":"https:\/\/ampcpp.ma\/en\/?s={search_term_string}"},"query-input":"required name=search_term_string"}],"inLanguage":"fr-FR"},{"@type":"WebPage","@id":"https:\/\/ampcpp.ma\/fr\/partenariats\/#webpage","url":"https:\/\/ampcpp.ma\/fr\/partenariats\/","name":"Partenariats - Association Marocaine Des Pr\u00e9sidents Des Conseils Pr\u00e9fectoraux Et Provinciaux","isPartOf":{"@id":"https:\/\/ampcpp.ma\/en\/#website"},"datePublished":"2021-01-05T00:45:09+00:00","dateModified":"2022-02-09T14:07:09+00:00","breadcrumb":{"@id":"https:\/\/ampcpp.ma\/fr\/partenariats\/#breadcrumb"},"inLanguage":"fr-FR","potentialAction":[{"@type":"ReadAction","target":["https:\/\/ampcpp.ma\/fr\/partenariats\/"]}]},{"@type":"BreadcrumbList","@id":"https:\/\/ampcpp.ma\/fr\/partenariats\/#breadcrumb","itemListElement":[{"@type":"ListItem","position":1,"name":"\u0627\u0644\u0631\u0626\u064a\u0633\u064a\u0629","item":"https:\/\/ampcpp.ma\/fr\/"},{"@type":"ListItem","position":2,"name":"Partenariats"}]}]}},"_links":{"self":[{"href":"https:\/\/ampcpp.ma\/fr\/wp-json\/wp\/v2\/pages\/42"}],"collection":[{"href":"https:\/\/ampcpp.ma\/fr\/wp-json\/wp\/v2\/pages"}],"about":[{"href":"https:\/\/ampcpp.ma\/fr\/wp-json\/wp\/v2\/types\/page"}],"author":[{"embeddable":true,"href":"https:\/\/ampcpp.ma\/fr\/wp-json\/wp\/v2\/users\/1"}],"replies":[{"embeddable":true,"href":"https:\/\/ampcpp.ma\/fr\/wp-json\/wp\/v2\/comments?post=42"}],"version-history":[{"count":14,"href":"https:\/\/ampcpp.ma\/fr\/wp-json\/wp\/v2\/pages\/42\/revisions"}],"predecessor-version":[{"id":2807,"href":"https:\/\/ampcpp.ma\/fr\/wp-json\/wp\/v2\/pages\/42\/revisions\/2807"}],"wp:attachment":[{"href":"https:\/\/ampcpp.ma\/fr\/wp-json\/wp\/v2\/media?parent=42"}],"curies":[{"name":"wp","href":"https:\/\/api.w.org\/{rel}","templated":true}]}}