{"id":48,"date":"2021-01-05T00:47:07","date_gmt":"2021-01-05T00:47:07","guid":{"rendered":"http:\/\/ampcpp.com\/?page_id=48"},"modified":"2022-02-10T14:25:07","modified_gmt":"2022-02-10T14:25:07","slug":"contact","status":"publish","type":"page","link":"https:\/\/ampcpp.ma\/fr\/contact\/","title":{"rendered":"Contact"},"content":{"rendered":"<p>[vc_row][vc_column]<section class=\"contact-informations\"><div class=\"container\"><h2>Informations de contact<\/h2><div class=\"container\"><div class=\"informations\"><div class=\"informations__item\"><div class=\"icon\"><svg height=\"682pt\" viewBox=\"-119 -21 682 682.66669\" width=\"682pt\" xmlns=\"http:\/\/www.w3.org\/2000\/svg\"><path d=\"m216.210938 0c-122.664063 0-222.460938 99.796875-222.460938 222.460938 0 154.175781 222.679688 417.539062 222.679688 417.539062s222.242187-270.945312 222.242187-417.539062c0-122.664063-99.792969-222.460938-222.460937-222.460938zm67.121093 287.597656c-18.507812 18.503906-42.8125 27.757813-67.121093 27.757813-24.304688 0-48.617188-9.253907-67.117188-27.757813-37.011719-37.007812-37.011719-97.226562 0-134.238281 17.921875-17.929687 41.761719-27.804687 67.117188-27.804687 25.355468 0 49.191406 9.878906 67.121093 27.804687 37.011719 37.011719 37.011719 97.230469 0 134.238281zm0 0\"\/><\/svg><h3>Si\u00e8ge de l'Association<\/h3><p>14, rue Tariq Bin Ziyad Hassan, Rabat<\/p><\/div><\/div><div class=\"informations__item\"><div class=\"icon\"><svg xmlns=\"http:\/\/www.w3.org\/2000\/svg\" viewBox=\"0 0 384 384\">\n  <path d=\"M353.188,252.052c-23.51,0-46.594-3.677-68.469-10.906c-10.719-3.656-23.896-0.302-30.438,6.417l-43.177,32.594 c-50.073-26.729-80.917-57.563-107.281-107.26l31.635-42.052c8.219-8.208,11.167-20.198,7.635-31.448 c-7.26-21.99-10.948-45.063-10.948-68.583C132.146,13.823,118.323,0,101.333,0H30.813C13.823,0,0,13.823,0,30.813 C0,225.563,158.438,384,353.188,384c16.99,0,30.813-13.823,30.813-30.813v-70.323C384,265.875,370.177,252.052,353.188,252.052z\"\/>\n<\/svg>\n<h3>T\u00e9l\u00e9phone<\/h3><p>05 37 70 11 35<\/p><\/div><\/div><div class=\"informations__item\"><div class=\"icon\"><svg xmlns=\"http:\/\/www.w3.org\/2000\/svg\" viewBox=\"0 0 512 512\">\n  <path d=\"m0 136v300c0 8.291 6.709 15 15 15h30v-330h-30c-8.291 0-15 6.709-15 15z\"\/>\n  <path d=\"m167 91h-62c-16.538 0-30 13.462-30 30v330c0 16.538 13.462 30 30 30h62c16.538 0 30-13.462 30-30v-330c0-16.538-13.462-30-30-30z\"\/>\n  <path d=\"m452 46c0-8.286-6.716-15-15-15h-120c-8.284 0-15 6.714-15 15v135h150z\"\/>\n  <path d=\"m497 121h-15v75c0 8.291-6.709 15-15 15h-180c-8.291 0-15-6.709-15-15v-75h-45v330h270c8.291 0 15-6.709 15-15v-300c0-8.291-6.709-15-15-15zm-180 285c-8.284 0-15-6.716-15-15s6.716-15 15-15 15 6.716 15 15-6.716 15-15 15zm0-60c-8.284 0-15-6.716-15-15s6.716-15 15-15 15 6.716 15 15-6.716 15-15 15zm0-60c-8.284 0-15-6.716-15-15s6.716-15 15-15 15 6.716 15 15-6.716 15-15 15zm60 120c-8.284 0-15-6.716-15-15s6.716-15 15-15 15 6.716 15 15-6.716 15-15 15zm0-60c-8.284 0-15-6.716-15-15s6.716-15 15-15 15 6.716 15 15-6.716 15-15 15zm0-60c-8.284 0-15-6.716-15-15s6.716-15 15-15 15 6.716 15 15-6.716 15-15 15zm60 120c-8.284 0-15-6.716-15-15s6.716-15 15-15 15 6.716 15 15-6.716 15-15 15zm0-60c-8.284 0-15-6.716-15-15s6.716-15 15-15 15 6.716 15 15-6.716 15-15 15zm0-60c-8.284 0-15-6.716-15-15s6.716-15 15-15 15 6.716 15 15-6.716 15-15 15z\"\/>\n<\/svg>\n<h3>Fax<\/h3><p>05 37 76 22 79<\/p><\/div><\/div><div class=\"informations__item\"><div class=\"icon\"><svg version=\"1.1\" id=\"Capa_1\" xmlns=\"http:\/\/www.w3.org\/2000\/svg\" xmlns:xlink=\"http:\/\/www.w3.org\/1999\/xlink\" x=\"0px\" y=\"0px\"\n\t width=\"412px\" height=\"420.455px\" viewBox=\"165.75 0 412 420.455\" enable-background=\"new 165.75 0 412 420.455\"\n\t xml:space=\"preserve\">\n<g>\n\t<path fill=\"#0CA349\" d=\"M515.219,58.417C478.752,24.806,433.394,8,379.224,8C322.28,8,273.739,27.09,233.683,65.352\n\t\tc-40.056,38.261-60.125,85.823-60.125,142.767c0,54.578,19.09,101.486,57.188,140.81c38.262,39.321,89.658,58.982,154.351,58.982\n\t\tc38.997,0,77.258-7.995,114.785-24.066c12.236-5.222,18.192-19.253,13.216-31.572l0,0c-5.14-12.727-19.661-18.6-32.306-13.216\n\t\tc-32.633,14.032-64.612,21.048-95.776,21.048c-49.602,0-88.026-15.092-115.274-45.358c-27.167-30.186-40.791-65.674-40.791-106.382\n\t\tc0-44.218,14.603-81.092,43.728-110.706c29.043-29.533,64.856-44.38,107.278-44.38c39.078,0,72.118,12.156,99.04,36.467\n\t\ts40.383,54.904,40.383,91.778c0,25.209-6.2,46.257-18.52,62.98c-12.318,16.806-25.126,25.128-38.425,25.128\n\t\tc-7.179,0-10.769-3.835-10.769-11.585c0-6.281,0.49-13.624,1.387-22.108l15.175-124.085h-52.212l-3.345,12.156\n\t\tc-13.299-10.85-27.9-16.316-43.728-16.316c-25.127,0-46.665,10.035-64.531,30.022c-17.948,19.987-26.84,45.767-26.84,77.257\n\t\tc0,30.757,7.914,55.639,23.822,74.483c15.908,18.928,34.998,28.309,57.351,28.309c19.987,0,37.038-8.402,51.232-25.127\n\t\tc10.688,16.072,26.433,24.066,47.236,24.066c30.593,0,57.024-13.297,79.297-39.974c22.271-26.597,33.448-58.739,33.448-96.348\n\t\tC569.96,132.737,551.768,92.029,515.219,58.417z M394.969,246.135c-9.219,12.4-20.232,18.683-33.041,18.683\n\t\tc-8.729,0-15.745-4.569-21.048-13.706c-5.384-9.138-8.077-20.477-8.077-34.102c0-16.805,3.753-30.348,11.258-40.626\n\t\tc7.505-10.28,16.806-15.501,27.901-15.501c9.626,0,18.192,3.834,25.697,11.585c7.506,7.75,11.26,18.029,11.26,30.919\n\t\tC408.838,219.458,404.188,233.653,394.969,246.135z\"\/>\n<\/g>\n<\/svg><h3>Email<\/h3><p>ampcpp2019@gmail.com<\/p><\/div><\/div><\/div><\/div><\/div><\/section><section class=\"contact-form\"><div class=\"container\"><h2>Contactez-nous<\/h2><p>Veuillez nous faire parvenir vos suggestions afin de nous permettre d\u2019am\u00e9liorer la gouvernance des Conseils des Pr\u00e9fectures et des Provinces et partagez avec nous vos exp\u00e9riences r\u00e9ussies dans le domaine de la gestion des affaires territoriales<\/p><div class=\"container\"><p class=\"message\"><\/p><form class=\"contact-form\" method=\"post\"><div class=\"form-fields\"><input type=\"text\" name=\"name\" placeholder=\"le nom complet\" required><input type=\"email\" name=\"email\" placeholder=\"email\" required><\/div><div class=\"form-field\"><input type=\"text\" name=\"sujet\" placeholder=\"sujet\" required><\/div><div class=\"form-field\"><textarea name=\"text\" rows=\"10\" required placeholder=\"text required\"><\/textarea><\/div><div class=\"form-field form-field__actions\"><button class=\"btn btn-submit\" type=\"submit\">envoyer<\/button><\/div><\/form><\/div><\/div><\/section><section class=\"contact-map\"><iframe src=\"https:\/\/www.google.com\/maps\/embed?pb=!1m18!1m12!1m3!1d3307.080676859342!2d-6.823558285523666!3d34.01614002708075!2m3!1f0!2f0!3f0!3m2!1i1024!2i768!4f13.1!3m3!1m2!1s0xda76b396abde985%3A0x77233671d64c2537!2z2KfZhNis2YXYudmK2Kkg2KfZhNmF2LrYsdio2YrYqSDZhNix2KTYs9in2KEg2YXYrNin2YTYsyDYp9mE2LnZhdin2YTYp9iqINmI2KfZhNij2YLYp9mE2YrZhSAvIEFzc29jaWF0aW9uIE1hcm9jYWluZSBkZXMgcHLDqXNpZGVudHMgZGVzIGNvbnNlaWxzIGRlcyBwcsOpZmVjdHVyZXMgZXQgZGVzIHByb3ZpbmNlcy0gQU1QQ1BQ!5e0!3m2!1sfr!2sma!4v1644497083356!5m2!1sfr!2sma\" width=\"100%\" height=\"450\" style=\"border:0;\" allowfullscreen=\"\" loading=\"lazy\"><\/iframe><\/section>[\/vc_column][\/vc_row]<\/p>\n","protected":false},"excerpt":{"rendered":"<p>[vc_row][vc_column][\/vc_column][\/vc_row]<\/p>\n","protected":false},"author":1,"featured_media":0,"parent":0,"menu_order":0,"comment_status":"closed","ping_status":"closed","template":"contact.php","meta":[],"yoast_head":"<!-- This site is optimized with the Yoast SEO plugin v18.1 - https:\/\/yoast.com\/wordpress\/plugins\/seo\/ -->\n<title>Contact - Association Marocaine Des Pr\u00e9sidents Des Conseils Pr\u00e9fectoraux Et Provinciaux<\/title>\n<meta name=\"robots\" content=\"index, follow, max-snippet:-1, max-image-preview:large, max-video-preview:-1\" \/>\n<link rel=\"canonical\" href=\"https:\/\/ampcpp.ma\/fr\/contact\/\" \/>\n<meta property=\"og:locale\" content=\"fr_FR\" \/>\n<meta property=\"og:type\" content=\"article\" \/>\n<meta property=\"og:title\" content=\"Contact - Association Marocaine Des Pr\u00e9sidents Des Conseils Pr\u00e9fectoraux Et Provinciaux\" \/>\n<meta property=\"og:description\" content=\"[vc_row][vc_column][\/vc_column][\/vc_row]\" \/>\n<meta property=\"og:url\" content=\"https:\/\/ampcpp.ma\/fr\/contact\/\" \/>\n<meta property=\"og:site_name\" content=\"Association Marocaine Des Pr\u00e9sidents Des Conseils Pr\u00e9fectoraux Et Provinciaux\" \/>\n<meta property=\"article:modified_time\" content=\"2022-02-10T14:25:07+00:00\" \/>\n<meta name=\"twitter:card\" content=\"summary_large_image\" \/>\n<meta name=\"twitter:label1\" content=\"Dur\u00e9e de lecture estim\u00e9e\" \/>\n\t<meta name=\"twitter:data1\" content=\"5 minutes\" \/>\n<script type=\"application\/ld+json\" class=\"yoast-schema-graph\">{\"@context\":\"https:\/\/schema.org\",\"@graph\":[{\"@type\":\"WebSite\",\"@id\":\"https:\/\/ampcpp.ma\/en\/#website\",\"url\":\"https:\/\/ampcpp.ma\/en\/\",\"name\":\"Association Marocaine Des Pr\u00e9sidents Des Conseils Pr\u00e9fectoraux Et Provinciaux\",\"description\":\"L&#039;union fait la force\",\"potentialAction\":[{\"@type\":\"SearchAction\",\"target\":{\"@type\":\"EntryPoint\",\"urlTemplate\":\"https:\/\/ampcpp.ma\/en\/?s={search_term_string}\"},\"query-input\":\"required name=search_term_string\"}],\"inLanguage\":\"fr-FR\"},{\"@type\":\"WebPage\",\"@id\":\"https:\/\/ampcpp.ma\/fr\/contact\/#webpage\",\"url\":\"https:\/\/ampcpp.ma\/fr\/contact\/\",\"name\":\"Contact - Association Marocaine Des Pr\u00e9sidents Des Conseils Pr\u00e9fectoraux Et Provinciaux\",\"isPartOf\":{\"@id\":\"https:\/\/ampcpp.ma\/en\/#website\"},\"datePublished\":\"2021-01-05T00:47:07+00:00\",\"dateModified\":\"2022-02-10T14:25:07+00:00\",\"breadcrumb\":{\"@id\":\"https:\/\/ampcpp.ma\/fr\/contact\/#breadcrumb\"},\"inLanguage\":\"fr-FR\",\"potentialAction\":[{\"@type\":\"ReadAction\",\"target\":[\"https:\/\/ampcpp.ma\/fr\/contact\/\"]}]},{\"@type\":\"BreadcrumbList\",\"@id\":\"https:\/\/ampcpp.ma\/fr\/contact\/#breadcrumb\",\"itemListElement\":[{\"@type\":\"ListItem\",\"position\":1,\"name\":\"\u0627\u0644\u0631\u0626\u064a\u0633\u064a\u0629\",\"item\":\"https:\/\/ampcpp.ma\/fr\/\"},{\"@type\":\"ListItem\",\"position\":2,\"name\":\"Contact\"}]}]}<\/script>\n<!-- \/ Yoast SEO plugin. -->","yoast_head_json":{"title":"Contact - Association Marocaine Des Pr\u00e9sidents Des Conseils Pr\u00e9fectoraux Et Provinciaux","robots":{"index":"index","follow":"follow","max-snippet":"max-snippet:-1","max-image-preview":"max-image-preview:large","max-video-preview":"max-video-preview:-1"},"canonical":"https:\/\/ampcpp.ma\/fr\/contact\/","og_locale":"fr_FR","og_type":"article","og_title":"Contact - Association Marocaine Des Pr\u00e9sidents Des Conseils Pr\u00e9fectoraux Et Provinciaux","og_description":"[vc_row][vc_column][\/vc_column][\/vc_row]","og_url":"https:\/\/ampcpp.ma\/fr\/contact\/","og_site_name":"Association Marocaine Des Pr\u00e9sidents Des Conseils Pr\u00e9fectoraux Et Provinciaux","article_modified_time":"2022-02-10T14:25:07+00:00","twitter_card":"summary_large_image","twitter_misc":{"Dur\u00e9e de lecture estim\u00e9e":"5 minutes"},"schema":{"@context":"https:\/\/schema.org","@graph":[{"@type":"WebSite","@id":"https:\/\/ampcpp.ma\/en\/#website","url":"https:\/\/ampcpp.ma\/en\/","name":"Association Marocaine Des Pr\u00e9sidents Des Conseils Pr\u00e9fectoraux Et Provinciaux","description":"L&#039;union fait la force","potentialAction":[{"@type":"SearchAction","target":{"@type":"EntryPoint","urlTemplate":"https:\/\/ampcpp.ma\/en\/?s={search_term_string}"},"query-input":"required name=search_term_string"}],"inLanguage":"fr-FR"},{"@type":"WebPage","@id":"https:\/\/ampcpp.ma\/fr\/contact\/#webpage","url":"https:\/\/ampcpp.ma\/fr\/contact\/","name":"Contact - Association Marocaine Des Pr\u00e9sidents Des Conseils Pr\u00e9fectoraux Et Provinciaux","isPartOf":{"@id":"https:\/\/ampcpp.ma\/en\/#website"},"datePublished":"2021-01-05T00:47:07+00:00","dateModified":"2022-02-10T14:25:07+00:00","breadcrumb":{"@id":"https:\/\/ampcpp.ma\/fr\/contact\/#breadcrumb"},"inLanguage":"fr-FR","potentialAction":[{"@type":"ReadAction","target":["https:\/\/ampcpp.ma\/fr\/contact\/"]}]},{"@type":"BreadcrumbList","@id":"https:\/\/ampcpp.ma\/fr\/contact\/#breadcrumb","itemListElement":[{"@type":"ListItem","position":1,"name":"\u0627\u0644\u0631\u0626\u064a\u0633\u064a\u0629","item":"https:\/\/ampcpp.ma\/fr\/"},{"@type":"ListItem","position":2,"name":"Contact"}]}]}},"_links":{"self":[{"href":"https:\/\/ampcpp.ma\/fr\/wp-json\/wp\/v2\/pages\/48"}],"collection":[{"href":"https:\/\/ampcpp.ma\/fr\/wp-json\/wp\/v2\/pages"}],"about":[{"href":"https:\/\/ampcpp.ma\/fr\/wp-json\/wp\/v2\/types\/page"}],"author":[{"embeddable":true,"href":"https:\/\/ampcpp.ma\/fr\/wp-json\/wp\/v2\/users\/1"}],"replies":[{"embeddable":true,"href":"https:\/\/ampcpp.ma\/fr\/wp-json\/wp\/v2\/comments?post=48"}],"version-history":[{"count":16,"href":"https:\/\/ampcpp.ma\/fr\/wp-json\/wp\/v2\/pages\/48\/revisions"}],"predecessor-version":[{"id":3063,"href":"https:\/\/ampcpp.ma\/fr\/wp-json\/wp\/v2\/pages\/48\/revisions\/3063"}],"wp:attachment":[{"href":"https:\/\/ampcpp.ma\/fr\/wp-json\/wp\/v2\/media?parent=48"}],"curies":[{"name":"wp","href":"https:\/\/api.w.org\/{rel}","templated":true}]}}